{"id":951,"date":"2021-02-06T21:43:02","date_gmt":"2021-02-06T20:43:02","guid":{"rendered":"https:\/\/ortafyc.com\/?page_id=951"},"modified":"2022-07-08T18:55:41","modified_gmt":"2022-07-08T16:55:41","slug":"registro-suscripcion-y-regalo-video-firma-digital","status":"publish","type":"page","link":"https:\/\/ortafyc.com\/en\/registro-suscripcion-y-regalo-video-firma-digital\/","title":{"rendered":"Registro suscripci\u00f3n y regalo video firma digital"},"content":{"rendered":"\t\t<div data-elementor-type=\"wp-page\" data-elementor-id=\"951\" class=\"elementor elementor-951\" data-elementor-post-type=\"page\">\n\t\t\t\t\t\t<section class=\"elementor-section elementor-top-section elementor-element elementor-element-7c873634 elementor-section-boxed elementor-section-height-default elementor-section-height-default\" data-id=\"7c873634\" data-element_type=\"section\" data-e-type=\"section\" data-settings=\"{&quot;background_background&quot;:&quot;classic&quot;}\">\n\t\t\t\t\t\t<div class=\"elementor-container elementor-column-gap-default\">\n\t\t\t\t\t<div class=\"elementor-column elementor-col-100 elementor-top-column elementor-element elementor-element-5991a8d4\" data-id=\"5991a8d4\" data-element_type=\"column\" data-e-type=\"column\">\n\t\t\t<div class=\"elementor-widget-wrap elementor-element-populated\">\n\t\t\t\t\t\t<div class=\"elementor-element elementor-element-950ff3 elementor-widget elementor-widget-heading\" data-id=\"950ff3\" data-element_type=\"widget\" data-e-type=\"widget\" data-widget_type=\"heading.default\">\n\t\t\t\t<div class=\"elementor-widget-container\">\n\t\t\t\t\t<h2 class=\"elementor-heading-title elementor-size-default\">Si obtener tu firma digital es de esas cosas que has pensado que es poco menos que \"insufrible\", en este video te voy a mostrar c\u00f3mo podr\u00e1s hacerlo \"agradable\". Y en menos de 10 minutos.<\/h2>\t\t\t\t<\/div>\n\t\t\t\t<\/div>\n\t\t\t\t\t<\/div>\n\t\t<\/div>\n\t\t\t\t\t<\/div>\n\t\t<\/section>\n\t\t\t\t<section class=\"elementor-section elementor-top-section elementor-element elementor-element-35dd87f6 elementor-section-boxed elementor-section-height-default elementor-section-height-default\" data-id=\"35dd87f6\" data-element_type=\"section\" data-e-type=\"section\">\n\t\t\t\t\t\t<div class=\"elementor-container elementor-column-gap-default\">\n\t\t\t\t\t<div class=\"elementor-column elementor-col-50 elementor-top-column elementor-element elementor-element-55ea9fa7\" data-id=\"55ea9fa7\" data-element_type=\"column\" data-e-type=\"column\">\n\t\t\t<div class=\"elementor-widget-wrap elementor-element-populated\">\n\t\t\t\t\t\t<div class=\"elementor-element elementor-element-683b9e74 elementor-widget elementor-widget-image\" data-id=\"683b9e74\" data-element_type=\"widget\" data-e-type=\"widget\" data-widget_type=\"image.default\">\n\t\t\t\t<div class=\"elementor-widget-container\">\n\t\t\t\t\t\t\t\t\t\t\t\t\t\t\t<img fetchpriority=\"high\" decoding=\"async\" width=\"1024\" height=\"1024\" src=\"https:\/\/ortafyc.com\/wp-content\/uploads\/Lead-Magnet-ORTA-1-1024x1024.png\" class=\"attachment-large size-large wp-image-2544\" alt=\"\" srcset=\"https:\/\/ortafyc.com\/wp-content\/uploads\/Lead-Magnet-ORTA-1-1024x1024.png 1024w, https:\/\/ortafyc.com\/wp-content\/uploads\/Lead-Magnet-ORTA-1-300x300.png 300w, https:\/\/ortafyc.com\/wp-content\/uploads\/Lead-Magnet-ORTA-1-100x100.png 100w, https:\/\/ortafyc.com\/wp-content\/uploads\/Lead-Magnet-ORTA-1-600x600.png 600w, https:\/\/ortafyc.com\/wp-content\/uploads\/Lead-Magnet-ORTA-1-150x150.png 150w, https:\/\/ortafyc.com\/wp-content\/uploads\/Lead-Magnet-ORTA-1-768x768.png 768w, https:\/\/ortafyc.com\/wp-content\/uploads\/Lead-Magnet-ORTA-1.png 1080w\" sizes=\"(max-width: 1024px) 100vw, 1024px\" \/>\t\t\t\t\t\t\t\t\t\t\t\t\t\t\t<\/div>\n\t\t\t\t<\/div>\n\t\t\t\t\t<\/div>\n\t\t<\/div>\n\t\t\t\t<div class=\"elementor-column elementor-col-50 elementor-top-column elementor-element elementor-element-47e01f79\" data-id=\"47e01f79\" data-element_type=\"column\" data-e-type=\"column\" data-settings=\"{&quot;background_background&quot;:&quot;classic&quot;}\">\n\t\t\t<div class=\"elementor-widget-wrap elementor-element-populated\">\n\t\t\t\t\t\t<div class=\"elementor-element elementor-element-2fcd0556 elementor-widget elementor-widget-text-editor\" data-id=\"2fcd0556\" data-element_type=\"widget\" data-e-type=\"widget\" data-widget_type=\"text-editor.default\">\n\t\t\t\t<div class=\"elementor-widget-container\">\n\t\t\t\t\t\t\t\t\t<p>\u00bfQu\u00e9 beneficios tienes con tu firma digital?<\/p>\t\t\t\t\t\t\t\t<\/div>\n\t\t\t\t<\/div>\n\t\t\t\t<div class=\"elementor-element elementor-element-6cc3142c elementor-icon-list--layout-traditional elementor-list-item-link-full_width elementor-widget elementor-widget-icon-list\" data-id=\"6cc3142c\" data-element_type=\"widget\" data-e-type=\"widget\" data-widget_type=\"icon-list.default\">\n\t\t\t\t<div class=\"elementor-widget-container\">\n\t\t\t\t\t\t\t<ul class=\"elementor-icon-list-items\">\n\t\t\t\t\t\t\t<li class=\"elementor-icon-list-item\">\n\t\t\t\t\t\t\t\t\t\t\t<span class=\"elementor-icon-list-icon\">\n\t\t\t\t\t\t\t<i aria-hidden=\"true\" class=\"fas fa-check-square\"><\/i>\t\t\t\t\t\t<\/span>\n\t\t\t\t\t\t\t\t\t\t<span class=\"elementor-icon-list-text\">La administraci\u00f3n no te env\u00eda cartas. Si tienes el certificado estar\u00e1s al tanto de las notificaciones.<\/span>\n\t\t\t\t\t\t\t\t\t<\/li>\n\t\t\t\t\t\t<\/ul>\n\t\t\t\t\t\t<\/div>\n\t\t\t\t<\/div>\n\t\t\t\t<div class=\"elementor-element elementor-element-7052e873 elementor-icon-list--layout-traditional elementor-list-item-link-full_width elementor-widget elementor-widget-icon-list\" data-id=\"7052e873\" data-element_type=\"widget\" data-e-type=\"widget\" data-widget_type=\"icon-list.default\">\n\t\t\t\t<div class=\"elementor-widget-container\">\n\t\t\t\t\t\t\t<ul class=\"elementor-icon-list-items\">\n\t\t\t\t\t\t\t<li class=\"elementor-icon-list-item\">\n\t\t\t\t\t\t\t\t\t\t\t<span class=\"elementor-icon-list-icon\">\n\t\t\t\t\t\t\t<i aria-hidden=\"true\" class=\"fas fa-check-square\"><\/i>\t\t\t\t\t\t<\/span>\n\t\t\t\t\t\t\t\t\t\t<span class=\"elementor-icon-list-text\">Agiliza cualquier tr\u00e1mite fiscal, sin papeles y de forma sencilla.<\/span>\n\t\t\t\t\t\t\t\t\t<\/li>\n\t\t\t\t\t\t<\/ul>\n\t\t\t\t\t\t<\/div>\n\t\t\t\t<\/div>\n\t\t\t\t<div class=\"elementor-element elementor-element-60227c7e elementor-icon-list--layout-traditional elementor-list-item-link-full_width elementor-widget elementor-widget-icon-list\" data-id=\"60227c7e\" data-element_type=\"widget\" data-e-type=\"widget\" data-widget_type=\"icon-list.default\">\n\t\t\t\t<div class=\"elementor-widget-container\">\n\t\t\t\t\t\t\t<ul class=\"elementor-icon-list-items\">\n\t\t\t\t\t\t\t<li class=\"elementor-icon-list-item\">\n\t\t\t\t\t\t\t\t\t\t\t<span class=\"elementor-icon-list-icon\">\n\t\t\t\t\t\t\t<i aria-hidden=\"true\" class=\"fas fa-check-square\"><\/i>\t\t\t\t\t\t<\/span>\n\t\t\t\t\t\t\t\t\t\t<span class=\"elementor-icon-list-text\">Consulta cualquier informaci\u00f3n de tu entidad, desde donde quieras. Sin desplazamientos.<\/span>\n\t\t\t\t\t\t\t\t\t<\/li>\n\t\t\t\t\t\t<\/ul>\n\t\t\t\t\t\t<\/div>\n\t\t\t\t<\/div>\n\t\t\t\t<div class=\"elementor-element elementor-element-b17f172 elementor-widget elementor-widget-text-editor\" data-id=\"b17f172\" data-element_type=\"widget\" data-e-type=\"widget\" data-widget_type=\"text-editor.default\">\n\t\t\t\t<div class=\"elementor-widget-container\">\n\t\t\t\t\t\t\t\t\t<p>Para descargarte el v\u00eddeo, s\u00f3lo tienes que suscribirte dejando tu nombre y tu email.<\/p>\t\t\t\t\t\t\t\t<\/div>\n\t\t\t\t<\/div>\n\t\t\t\t<div class=\"elementor-element elementor-element-869900e elementor-button-align-stretch elementor-widget elementor-widget-form\" data-id=\"869900e\" data-element_type=\"widget\" data-e-type=\"widget\" data-settings=\"{&quot;step_next_label&quot;:&quot;Next&quot;,&quot;step_previous_label&quot;:&quot;Previous&quot;,&quot;button_width&quot;:&quot;100&quot;,&quot;step_type&quot;:&quot;number_text&quot;,&quot;step_icon_shape&quot;:&quot;circle&quot;}\" data-widget_type=\"form.default\">\n\t\t\t\t<div class=\"elementor-widget-container\">\n\t\t\t\t\t\t\t<form class=\"elementor-form\" method=\"post\" name=\"New Form\" aria-label=\"New Form\">\n\t\t\t<input type=\"hidden\" name=\"post_id\" value=\"951\"\/>\n\t\t\t<input type=\"hidden\" name=\"form_id\" value=\"869900e\"\/>\n\t\t\t<input type=\"hidden\" name=\"referer_title\" value=\"Orta Fiscalidad y Contabilidad\" \/>\n\n\t\t\t\n\t\t\t<div class=\"elementor-form-fields-wrapper elementor-labels-\">\n\t\t\t\t\t\t\t\t<div class=\"elementor-field-type-text elementor-field-group elementor-column elementor-field-group-name elementor-col-50 elementor-field-required\">\n\t\t\t\t\t\t\t\t\t\t\t\t<label for=\"form-field-name\" class=\"elementor-field-label elementor-screen-only\">\n\t\t\t\t\t\t\t\tNombre\t\t\t\t\t\t\t<\/label>\n\t\t\t\t\t\t\t\t\t\t\t\t\t\t<input size=\"1\" type=\"text\" name=\"form_fields[name]\" id=\"form-field-name\" class=\"elementor-field elementor-size-lg  elementor-field-textual\" placeholder=\"Tu nombre\" required=\"required\">\n\t\t\t\t\t\t\t\t\t\t\t<\/div>\n\t\t\t\t\t\t\t\t<div class=\"elementor-field-type-email elementor-field-group elementor-column elementor-field-group-email elementor-col-50 elementor-field-required\">\n\t\t\t\t\t\t\t\t\t\t\t\t<label for=\"form-field-email\" class=\"elementor-field-label elementor-screen-only\">\n\t\t\t\t\t\t\t\tEmail\t\t\t\t\t\t\t<\/label>\n\t\t\t\t\t\t\t\t\t\t\t\t\t\t<input size=\"1\" type=\"email\" name=\"form_fields[email]\" id=\"form-field-email\" class=\"elementor-field elementor-size-lg  elementor-field-textual\" placeholder=\"Tu correo electr\u00f3nico\" required=\"required\">\n\t\t\t\t\t\t\t\t\t\t\t<\/div>\n\t\t\t\t\t\t\t\t<div class=\"elementor-field-type-acceptance elementor-field-group elementor-column elementor-field-group-field_57726b3 elementor-col-100 elementor-field-required\">\n\t\t\t\t\t\t\t\t\t\t\t\t<label for=\"form-field-field_57726b3\" class=\"elementor-field-label elementor-screen-only\">\n\t\t\t\t\t\t\t\tPol\u00edtica de Privacidad\t\t\t\t\t\t\t<\/label>\n\t\t\t\t\t\t\t\t<div class=\"elementor-field-subgroup\">\n\t\t\t<span class=\"elementor-field-option\">\n\t\t\t\t<input type=\"checkbox\" name=\"form_fields[field_57726b3]\" id=\"form-field-field_57726b3\" class=\"elementor-field elementor-size-lg  elementor-acceptance-field\" required=\"required\">\n\t\t\t\t<label for=\"form-field-field_57726b3\">He le\u00eddo y acepto el <a href=\"\/politica-de-consentimiento-de-datos\"> Consentimiento de datos y la P.de Privacidad<\/a><\/label>\t\t\t<\/span>\n\t\t<\/div>\n\t\t\t\t\t\t<\/div>\n\t\t\t\t\t\t\t\t<div class=\"elementor-field-group elementor-column elementor-field-type-submit elementor-col-100 e-form__buttons\">\n\t\t\t\t\t<button class=\"elementor-button elementor-size-lg\" type=\"submit\">\n\t\t\t\t\t\t<span class=\"elementor-button-content-wrapper\">\n\t\t\t\t\t\t\t\t\t\t\t\t\t\t\t\t\t\t\t\t\t\t<span class=\"elementor-button-text\">quiero suscribirme y descargarlo<\/span>\n\t\t\t\t\t\t\t\t\t\t\t\t\t<\/span>\n\t\t\t\t\t<\/button>\n\t\t\t\t<\/div>\n\t\t\t<\/div>\n\t\t<\/form>\n\t\t\t\t\t\t<\/div>\n\t\t\t\t<\/div>\n\t\t\t\t<div class=\"elementor-element elementor-element-57b6c829 elementor-widget elementor-widget-text-editor\" data-id=\"57b6c829\" data-element_type=\"widget\" data-e-type=\"widget\" data-widget_type=\"text-editor.default\">\n\t\t\t\t<div class=\"elementor-widget-container\">\n\t\t\t\t\t\t\t\t\t<p><strong>PROTECCI\u00d3N DE DATOS:<\/strong> De conformidad con las normativas de protecci\u00f3n de datos, le facilitamos la siguiente informaci\u00f3n del tratamiento: <strong>Responsable:<\/strong> ORTA FISCALIDAD Y CONTABILIDAD S.L <strong>Fines del tratamiento:<\/strong> mantener una relaci\u00f3n comercial y enviar comunicaciones de productos o servicios <strong>Derechos<\/strong> <strong>que le asisten:<\/strong> acceso, rectificaci\u00f3n, portabilidad, supresi\u00f3n, limitaci\u00f3n y oposici\u00f3n.&nbsp;<strong>Destinatarios<\/strong>: tus datos se encuentran alojados en mi plataforma de email marketing Mailerlite que cumple con el GDPR y la LOPDGDD. M\u00e1s informaci\u00f3n del tratamiento en la&nbsp;<a href=\"https:\/\/ortafyc.com\/politica-de-privacidad\/\"><strong><span style=\"color: #606d38;\">Pol\u00edtica de&nbsp;privacidad<\/span><\/strong><\/a><\/p>\t\t\t\t\t\t\t\t<\/div>\n\t\t\t\t<\/div>\n\t\t\t\t\t<\/div>\n\t\t<\/div>\n\t\t\t\t\t<\/div>\n\t\t<\/section>\n\t\t\t\t<\/div>\n\t\t","protected":false},"excerpt":{"rendered":"<p>Si obtener tu firma digital es de esas cosas que has pensado que es poco menos que \u00abinsufrible\u00bb, en este video te voy a mostrar c\u00f3mo podr\u00e1s hacerlo \u00abagradable\u00bb. Y en menos de 10 minutos. \u00bfQu\u00e9 beneficios tienes con tu firma digital? La administraci\u00f3n no te env\u00eda cartas. Si tienes el certificado estar\u00e1s al tanto [&hellip;]<\/p>\n","protected":false},"author":7,"featured_media":0,"parent":0,"menu_order":0,"comment_status":"closed","ping_status":"closed","template":"elementor_canvas","meta":{"_monsterinsights_skip_tracking":false,"_monsterinsights_sitenote_active":false,"_monsterinsights_sitenote_note":"","_monsterinsights_sitenote_category":0,"ocean_post_layout":"","ocean_both_sidebars_style":"","ocean_both_sidebars_content_width":0,"ocean_both_sidebars_sidebars_width":0,"ocean_sidebar":"0","ocean_second_sidebar":"0","ocean_disable_margins":"on","ocean_add_body_class":"","ocean_shortcode_before_top_bar":"","ocean_shortcode_after_top_bar":"","ocean_shortcode_before_header":"","ocean_shortcode_after_header":"","ocean_has_shortcode":"","ocean_shortcode_after_title":"","ocean_shortcode_before_footer_widgets":"","ocean_shortcode_after_footer_widgets":"","ocean_shortcode_before_footer_bottom":"","ocean_shortcode_after_footer_bottom":"","ocean_display_top_bar":"default","ocean_display_header":"default","ocean_header_style":"","ocean_center_header_left_menu":"0","ocean_custom_header_template":"0","ocean_custom_logo":0,"ocean_custom_retina_logo":0,"ocean_custom_logo_max_width":0,"ocean_custom_logo_tablet_max_width":0,"ocean_custom_logo_mobile_max_width":0,"ocean_custom_logo_max_height":0,"ocean_custom_logo_tablet_max_height":0,"ocean_custom_logo_mobile_max_height":0,"ocean_header_custom_menu":"0","ocean_menu_typo_font_family":"0","ocean_menu_typo_font_subset":"","ocean_menu_typo_font_size":0,"ocean_menu_typo_font_size_tablet":0,"ocean_menu_typo_font_size_mobile":0,"ocean_menu_typo_font_size_unit":"px","ocean_menu_typo_font_weight":"","ocean_menu_typo_font_weight_tablet":"","ocean_menu_typo_font_weight_mobile":"","ocean_menu_typo_transform":"","ocean_menu_typo_transform_tablet":"","ocean_menu_typo_transform_mobile":"","ocean_menu_typo_line_height":0,"ocean_menu_typo_line_height_tablet":0,"ocean_menu_typo_line_height_mobile":0,"ocean_menu_typo_line_height_unit":"","ocean_menu_typo_spacing":0,"ocean_menu_typo_spacing_tablet":0,"ocean_menu_typo_spacing_mobile":0,"ocean_menu_typo_spacing_unit":"","ocean_menu_link_color":"","ocean_menu_link_color_hover":"","ocean_menu_link_color_active":"","ocean_menu_link_background":"","ocean_menu_link_hover_background":"","ocean_menu_link_active_background":"","ocean_menu_social_links_bg":"","ocean_menu_social_hover_links_bg":"","ocean_menu_social_links_color":"","ocean_menu_social_hover_links_color":"","ocean_disable_title":"on","ocean_disable_heading":"default","ocean_post_title":"","ocean_post_subheading":"","ocean_post_title_style":"","ocean_post_title_background_color":"","ocean_post_title_background":0,"ocean_post_title_bg_image_position":"","ocean_post_title_bg_image_attachment":"","ocean_post_title_bg_image_repeat":"","ocean_post_title_bg_image_size":"","ocean_post_title_height":0,"ocean_post_title_bg_overlay":0.5,"ocean_post_title_bg_overlay_color":"","ocean_disable_breadcrumbs":"off","ocean_breadcrumbs_color":"","ocean_breadcrumbs_separator_color":"","ocean_breadcrumbs_links_color":"","ocean_breadcrumbs_links_hover_color":"","ocean_display_footer_widgets":"default","ocean_display_footer_bottom":"default","ocean_custom_footer_template":"0","footnotes":""},"class_list":["post-951","page","type-page","status-publish","hentry","entry","owp-thumbs-layout-horizontal","owp-btn-normal","owp-tabs-layout-horizontal","has-no-thumbnails","has-product-nav"],"yoast_head":"<!-- This site is optimized with the Yoast SEO plugin v27.2 - https:\/\/yoast.com\/product\/yoast-seo-wordpress\/ -->\n<title>Registro suscripci\u00f3n y regalo video firma digital - Orta Fiscalidad y Contabilidad<\/title>\n<meta name=\"robots\" content=\"index, follow, max-snippet:-1, max-image-preview:large, max-video-preview:-1\" \/>\n<link rel=\"canonical\" href=\"https:\/\/ortafyc.com\/en\/registro-suscripcion-y-regalo-video-firma-digital\/\" \/>\n<meta property=\"og:locale\" content=\"en_US\" \/>\n<meta property=\"og:type\" content=\"article\" \/>\n<meta property=\"og:title\" content=\"Registro suscripci\u00f3n y regalo video firma digital - Orta Fiscalidad y Contabilidad\" \/>\n<meta property=\"og:description\" content=\"Si obtener tu firma digital es de esas cosas que has pensado que es poco menos que \u00abinsufrible\u00bb, en este video te voy a mostrar c\u00f3mo podr\u00e1s hacerlo \u00abagradable\u00bb. Y en menos de 10 minutos. \u00bfQu\u00e9 beneficios tienes con tu firma digital? La administraci\u00f3n no te env\u00eda cartas. Si tienes el certificado estar\u00e1s al tanto [&hellip;]\" \/>\n<meta property=\"og:url\" content=\"https:\/\/ortafyc.com\/en\/registro-suscripcion-y-regalo-video-firma-digital\/\" \/>\n<meta property=\"og:site_name\" content=\"Orta Fiscalidad y Contabilidad\" \/>\n<meta property=\"article:publisher\" content=\"https:\/\/www.facebook.com\/ortafyc\" \/>\n<meta property=\"article:modified_time\" content=\"2022-07-08T16:55:41+00:00\" \/>\n<meta property=\"og:image\" content=\"https:\/\/ortafyc.com\/wp-content\/uploads\/Lead-Magnet-ORTA-1-1024x1024.png\" \/>\n<meta name=\"twitter:card\" content=\"summary_large_image\" \/>\n<meta name=\"twitter:label1\" content=\"Est. reading time\" \/>\n\t<meta name=\"twitter:data1\" content=\"2 minutes\" \/>\n<script type=\"application\/ld+json\" class=\"yoast-schema-graph\">{\"@context\":\"https:\/\/schema.org\",\"@graph\":[{\"@type\":\"WebPage\",\"@id\":\"https:\/\/ortafyc.com\/registro-suscripcion-y-regalo-video-firma-digital\/\",\"url\":\"https:\/\/ortafyc.com\/registro-suscripcion-y-regalo-video-firma-digital\/\",\"name\":\"Registro suscripci\u00f3n y regalo video firma digital - Orta Fiscalidad y Contabilidad\",\"isPartOf\":{\"@id\":\"https:\/\/ortafyc.com\/#website\"},\"primaryImageOfPage\":{\"@id\":\"https:\/\/ortafyc.com\/registro-suscripcion-y-regalo-video-firma-digital\/#primaryimage\"},\"image\":{\"@id\":\"https:\/\/ortafyc.com\/registro-suscripcion-y-regalo-video-firma-digital\/#primaryimage\"},\"thumbnailUrl\":\"https:\/\/ortafyc.com\/wp-content\/uploads\/Lead-Magnet-ORTA-1-1024x1024.png\",\"datePublished\":\"2021-02-06T20:43:02+00:00\",\"dateModified\":\"2022-07-08T16:55:41+00:00\",\"breadcrumb\":{\"@id\":\"https:\/\/ortafyc.com\/registro-suscripcion-y-regalo-video-firma-digital\/#breadcrumb\"},\"inLanguage\":\"en-US\",\"potentialAction\":[{\"@type\":\"ReadAction\",\"target\":[\"https:\/\/ortafyc.com\/registro-suscripcion-y-regalo-video-firma-digital\/\"]}]},{\"@type\":\"ImageObject\",\"inLanguage\":\"en-US\",\"@id\":\"https:\/\/ortafyc.com\/registro-suscripcion-y-regalo-video-firma-digital\/#primaryimage\",\"url\":\"https:\/\/ortafyc.com\/wp-content\/uploads\/Lead-Magnet-ORTA-1-1024x1024.png\",\"contentUrl\":\"https:\/\/ortafyc.com\/wp-content\/uploads\/Lead-Magnet-ORTA-1-1024x1024.png\"},{\"@type\":\"BreadcrumbList\",\"@id\":\"https:\/\/ortafyc.com\/registro-suscripcion-y-regalo-video-firma-digital\/#breadcrumb\",\"itemListElement\":[{\"@type\":\"ListItem\",\"position\":1,\"name\":\"Portada\",\"item\":\"https:\/\/ortafyc.com\/\"},{\"@type\":\"ListItem\",\"position\":2,\"name\":\"Registro suscripci\u00f3n y regalo video firma digital\"}]},{\"@type\":\"WebSite\",\"@id\":\"https:\/\/ortafyc.com\/#website\",\"url\":\"https:\/\/ortafyc.com\/\",\"name\":\"Orta Fiscalidad y Contabilidad\",\"description\":\"\",\"publisher\":{\"@id\":\"https:\/\/ortafyc.com\/#organization\"},\"potentialAction\":[{\"@type\":\"SearchAction\",\"target\":{\"@type\":\"EntryPoint\",\"urlTemplate\":\"https:\/\/ortafyc.com\/?s={search_term_string}\"},\"query-input\":{\"@type\":\"PropertyValueSpecification\",\"valueRequired\":true,\"valueName\":\"search_term_string\"}}],\"inLanguage\":\"en-US\"},{\"@type\":\"Organization\",\"@id\":\"https:\/\/ortafyc.com\/#organization\",\"name\":\"ortafyc\",\"url\":\"https:\/\/ortafyc.com\/\",\"logo\":{\"@type\":\"ImageObject\",\"inLanguage\":\"en-US\",\"@id\":\"https:\/\/ortafyc.com\/#\/schema\/logo\/image\/\",\"url\":\"https:\/\/ortafyc.com\/wp-content\/uploads\/LOGO_ORTA.png\",\"contentUrl\":\"https:\/\/ortafyc.com\/wp-content\/uploads\/LOGO_ORTA.png\",\"width\":974,\"height\":582,\"caption\":\"ortafyc\"},\"image\":{\"@id\":\"https:\/\/ortafyc.com\/#\/schema\/logo\/image\/\"},\"sameAs\":[\"https:\/\/www.facebook.com\/ortafyc\",\"https:\/\/www.instagram.com\/ortafyc\/\",\"https:\/\/www.linkedin.com\/in\/jos\u00e9-manuel-orta-mu\u00f1oz-69b718202\/\"]}]}<\/script>\n<!-- \/ Yoast SEO plugin. -->","yoast_head_json":{"title":"Registro suscripci\u00f3n y regalo video firma digital - Orta Fiscalidad y Contabilidad","robots":{"index":"index","follow":"follow","max-snippet":"max-snippet:-1","max-image-preview":"max-image-preview:large","max-video-preview":"max-video-preview:-1"},"canonical":"https:\/\/ortafyc.com\/en\/registro-suscripcion-y-regalo-video-firma-digital\/","og_locale":"en_US","og_type":"article","og_title":"Registro suscripci\u00f3n y regalo video firma digital - Orta Fiscalidad y Contabilidad","og_description":"Si obtener tu firma digital es de esas cosas que has pensado que es poco menos que \u00abinsufrible\u00bb, en este video te voy a mostrar c\u00f3mo podr\u00e1s hacerlo \u00abagradable\u00bb. Y en menos de 10 minutos. \u00bfQu\u00e9 beneficios tienes con tu firma digital? La administraci\u00f3n no te env\u00eda cartas. Si tienes el certificado estar\u00e1s al tanto [&hellip;]","og_url":"https:\/\/ortafyc.com\/en\/registro-suscripcion-y-regalo-video-firma-digital\/","og_site_name":"Orta Fiscalidad y Contabilidad","article_publisher":"https:\/\/www.facebook.com\/ortafyc","article_modified_time":"2022-07-08T16:55:41+00:00","og_image":[{"url":"https:\/\/ortafyc.com\/wp-content\/uploads\/Lead-Magnet-ORTA-1-1024x1024.png","type":"","width":"","height":""}],"twitter_card":"summary_large_image","twitter_misc":{"Est. reading time":"2 minutes"},"schema":{"@context":"https:\/\/schema.org","@graph":[{"@type":"WebPage","@id":"https:\/\/ortafyc.com\/registro-suscripcion-y-regalo-video-firma-digital\/","url":"https:\/\/ortafyc.com\/registro-suscripcion-y-regalo-video-firma-digital\/","name":"Registro suscripci\u00f3n y regalo video firma digital - Orta Fiscalidad y Contabilidad","isPartOf":{"@id":"https:\/\/ortafyc.com\/#website"},"primaryImageOfPage":{"@id":"https:\/\/ortafyc.com\/registro-suscripcion-y-regalo-video-firma-digital\/#primaryimage"},"image":{"@id":"https:\/\/ortafyc.com\/registro-suscripcion-y-regalo-video-firma-digital\/#primaryimage"},"thumbnailUrl":"https:\/\/ortafyc.com\/wp-content\/uploads\/Lead-Magnet-ORTA-1-1024x1024.png","datePublished":"2021-02-06T20:43:02+00:00","dateModified":"2022-07-08T16:55:41+00:00","breadcrumb":{"@id":"https:\/\/ortafyc.com\/registro-suscripcion-y-regalo-video-firma-digital\/#breadcrumb"},"inLanguage":"en-US","potentialAction":[{"@type":"ReadAction","target":["https:\/\/ortafyc.com\/registro-suscripcion-y-regalo-video-firma-digital\/"]}]},{"@type":"ImageObject","inLanguage":"en-US","@id":"https:\/\/ortafyc.com\/registro-suscripcion-y-regalo-video-firma-digital\/#primaryimage","url":"https:\/\/ortafyc.com\/wp-content\/uploads\/Lead-Magnet-ORTA-1-1024x1024.png","contentUrl":"https:\/\/ortafyc.com\/wp-content\/uploads\/Lead-Magnet-ORTA-1-1024x1024.png"},{"@type":"BreadcrumbList","@id":"https:\/\/ortafyc.com\/registro-suscripcion-y-regalo-video-firma-digital\/#breadcrumb","itemListElement":[{"@type":"ListItem","position":1,"name":"Portada","item":"https:\/\/ortafyc.com\/"},{"@type":"ListItem","position":2,"name":"Registro suscripci\u00f3n y regalo video firma digital"}]},{"@type":"WebSite","@id":"https:\/\/ortafyc.com\/#website","url":"https:\/\/ortafyc.com\/","name":"Orta Fiscalidad y Contabilidad","description":"","publisher":{"@id":"https:\/\/ortafyc.com\/#organization"},"potentialAction":[{"@type":"SearchAction","target":{"@type":"EntryPoint","urlTemplate":"https:\/\/ortafyc.com\/?s={search_term_string}"},"query-input":{"@type":"PropertyValueSpecification","valueRequired":true,"valueName":"search_term_string"}}],"inLanguage":"en-US"},{"@type":"Organization","@id":"https:\/\/ortafyc.com\/#organization","name":"ortafyc","url":"https:\/\/ortafyc.com\/","logo":{"@type":"ImageObject","inLanguage":"en-US","@id":"https:\/\/ortafyc.com\/#\/schema\/logo\/image\/","url":"https:\/\/ortafyc.com\/wp-content\/uploads\/LOGO_ORTA.png","contentUrl":"https:\/\/ortafyc.com\/wp-content\/uploads\/LOGO_ORTA.png","width":974,"height":582,"caption":"ortafyc"},"image":{"@id":"https:\/\/ortafyc.com\/#\/schema\/logo\/image\/"},"sameAs":["https:\/\/www.facebook.com\/ortafyc","https:\/\/www.instagram.com\/ortafyc\/","https:\/\/www.linkedin.com\/in\/jos\u00e9-manuel-orta-mu\u00f1oz-69b718202\/"]}]}},"_links":{"self":[{"href":"https:\/\/ortafyc.com\/en\/wp-json\/wp\/v2\/pages\/951","targetHints":{"allow":["GET"]}}],"collection":[{"href":"https:\/\/ortafyc.com\/en\/wp-json\/wp\/v2\/pages"}],"about":[{"href":"https:\/\/ortafyc.com\/en\/wp-json\/wp\/v2\/types\/page"}],"author":[{"embeddable":true,"href":"https:\/\/ortafyc.com\/en\/wp-json\/wp\/v2\/users\/7"}],"replies":[{"embeddable":true,"href":"https:\/\/ortafyc.com\/en\/wp-json\/wp\/v2\/comments?post=951"}],"version-history":[{"count":149,"href":"https:\/\/ortafyc.com\/en\/wp-json\/wp\/v2\/pages\/951\/revisions"}],"predecessor-version":[{"id":6560,"href":"https:\/\/ortafyc.com\/en\/wp-json\/wp\/v2\/pages\/951\/revisions\/6560"}],"wp:attachment":[{"href":"https:\/\/ortafyc.com\/en\/wp-json\/wp\/v2\/media?parent=951"}],"curies":[{"name":"wp","href":"https:\/\/api.w.org\/{rel}","templated":true}]}}