{"id":7622,"date":"2023-07-03T20:01:40","date_gmt":"2023-07-03T18:01:40","guid":{"rendered":"https:\/\/ortafyc.com\/?page_id=7622"},"modified":"2025-11-14T13:49:08","modified_gmt":"2025-11-14T12:49:08","slug":"reserva-tu-consultoria","status":"publish","type":"page","link":"https:\/\/ortafyc.com\/en\/reserva-tu-consultoria\/","title":{"rendered":"Reserva tu consultor\u00eda"},"content":{"rendered":"<div data-elementor-type=\"wp-page\" data-elementor-id=\"7622\" class=\"elementor elementor-7622\" data-elementor-post-type=\"page\">\n\t\t\t\t\t\t<section class=\"elementor-section elementor-top-section elementor-element elementor-element-18bc821b elementor-section-boxed elementor-section-height-default elementor-section-height-default\" data-id=\"18bc821b\" data-element_type=\"section\" data-e-type=\"section\" data-settings=\"{&quot;background_background&quot;:&quot;classic&quot;}\">\n\t\t\t\t\t\t<div class=\"elementor-container elementor-column-gap-default\">\n\t\t\t\t\t<div class=\"elementor-column elementor-col-100 elementor-top-column elementor-element elementor-element-5755a94a\" data-id=\"5755a94a\" data-element_type=\"column\" data-e-type=\"column\">\n\t\t\t<div class=\"elementor-widget-wrap elementor-element-populated\">\n\t\t\t\t\t\t<div class=\"elementor-element elementor-element-27645920 elementor-hidden-mobile elementor-widget elementor-widget-image\" data-id=\"27645920\" data-element_type=\"widget\" data-e-type=\"widget\" data-widget_type=\"image.default\">\n\t\t\t\t<div class=\"elementor-widget-container\">\n\t\t\t\t\t\t\t\t\t\t\t\t\t\t\t<img fetchpriority=\"high\" decoding=\"async\" width=\"500\" height=\"500\" src=\"https:\/\/ortafyc.com\/wp-content\/uploads\/Logo-Web.png\" class=\"attachment-large size-large wp-image-3708\" alt=\"\" srcset=\"https:\/\/ortafyc.com\/wp-content\/uploads\/Logo-Web.png 500w, https:\/\/ortafyc.com\/wp-content\/uploads\/Logo-Web-300x300.png 300w, https:\/\/ortafyc.com\/wp-content\/uploads\/Logo-Web-100x100.png 100w, https:\/\/ortafyc.com\/wp-content\/uploads\/Logo-Web-150x150.png 150w\" sizes=\"(max-width: 500px) 100vw, 500px\" \/>\t\t\t\t\t\t\t\t\t\t\t\t\t\t\t<\/div>\n\t\t\t\t<\/div>\n\t\t\t\t<div class=\"elementor-element elementor-element-7764cb3f elementor-hidden-desktop elementor-hidden-tablet elementor-widget elementor-widget-image\" data-id=\"7764cb3f\" data-element_type=\"widget\" data-e-type=\"widget\" data-widget_type=\"image.default\">\n\t\t\t\t<div class=\"elementor-widget-container\">\n\t\t\t\t\t\t\t\t\t\t\t\t\t\t\t<img fetchpriority=\"high\" decoding=\"async\" width=\"500\" height=\"500\" src=\"https:\/\/ortafyc.com\/wp-content\/uploads\/Logo-Web.png\" class=\"attachment-large size-large wp-image-3708\" alt=\"\" srcset=\"https:\/\/ortafyc.com\/wp-content\/uploads\/Logo-Web.png 500w, https:\/\/ortafyc.com\/wp-content\/uploads\/Logo-Web-300x300.png 300w, https:\/\/ortafyc.com\/wp-content\/uploads\/Logo-Web-100x100.png 100w, https:\/\/ortafyc.com\/wp-content\/uploads\/Logo-Web-150x150.png 150w\" sizes=\"(max-width: 500px) 100vw, 500px\" \/>\t\t\t\t\t\t\t\t\t\t\t\t\t\t\t<\/div>\n\t\t\t\t<\/div>\n\t\t\t\t<div class=\"elementor-element elementor-element-4836f1b3 elementor-widget elementor-widget-text-editor\" data-id=\"4836f1b3\" data-element_type=\"widget\" data-e-type=\"widget\" data-widget_type=\"text-editor.default\">\n\t\t\t\t<div class=\"elementor-widget-container\">\n\t\t\t\t\t\t\t\t\t<p>STRATEGIC CONSULTING<\/p>\t\t\t\t\t\t\t\t<\/div>\n\t\t\t\t<\/div>\n\t\t\t\t<div class=\"elementor-element elementor-element-3a324da6 elementor-widget elementor-widget-heading\" data-id=\"3a324da6\" data-element_type=\"widget\" data-e-type=\"widget\" data-widget_type=\"heading.default\">\n\t\t\t\t<div class=\"elementor-widget-container\">\n\t\t\t\t\t<h2 class=\"elementor-heading-title elementor-size-default\">45 minutes to answer your questions<\/h2>\t\t\t\t<\/div>\n\t\t\t\t<\/div>\n\t\t\t\t<div class=\"elementor-element elementor-element-e1b1c5e elementor-widget elementor-widget-text-editor\" data-id=\"e1b1c5e\" data-element_type=\"widget\" data-e-type=\"widget\" data-widget_type=\"text-editor.default\">\n\t\t\t\t<div class=\"elementor-widget-container\">\n\t\t\t\t\t\t\t\t\t<p>In this meeting, you can ask me everything you want about procedures with the Administration, procedures where we can help you and you will get the cheapest option and the best strategy to solve your problems.<\/p>\t\t\t\t\t\t\t\t<\/div>\n\t\t\t\t<\/div>\n\t\t\t\t<div class=\"elementor-element elementor-element-4e8c906a elementor-widget-divider--view-line elementor-widget elementor-widget-divider\" data-id=\"4e8c906a\" data-element_type=\"widget\" data-e-type=\"widget\" data-widget_type=\"divider.default\">\n\t\t\t\t<div class=\"elementor-widget-container\">\n\t\t\t\t\t\t\t<div class=\"elementor-divider\">\n\t\t\t<span class=\"elementor-divider-separator\">\n\t\t\t\t\t\t<\/span>\n\t\t<\/div>\n\t\t\t\t\t\t<\/div>\n\t\t\t\t<\/div>\n\t\t\t\t<div class=\"elementor-element elementor-element-4b13902 elementor-widget elementor-widget-heading\" data-id=\"4b13902\" data-element_type=\"widget\" data-e-type=\"widget\" data-widget_type=\"heading.default\">\n\t\t\t\t<div class=\"elementor-widget-container\">\n\t\t\t\t\t<h2 class=\"elementor-heading-title elementor-size-default\">Book your session now<\/h2>\t\t\t\t<\/div>\n\t\t\t\t<\/div>\n\t\t\t\t<div class=\"elementor-element elementor-element-85ce210 elementor-align-center elementor-widget elementor-widget-button\" data-id=\"85ce210\" data-element_type=\"widget\" data-e-type=\"widget\" data-no-translation=\"\" data-widget_type=\"button.default\">\n\t\t\t\t<div class=\"elementor-widget-container\">\n\t\t\t\t\t<style>.elementor-element-85ce210{display:none !important}<\/style>\t\t\t\t<\/div>\n\t\t\t\t<\/div>\n\t\t\t\t<div class=\"elementor-element elementor-element-0baa587 elementor-align-center elementor-widget elementor-widget-button\" data-id=\"0baa587\" data-element_type=\"widget\" data-e-type=\"widget\" data-no-translation=\"\" data-widget_type=\"button.default\">\n\t\t\t\t<div class=\"elementor-widget-container\">\n\t\t\t\t\t\t\t\t\t<div class=\"elementor-button-wrapper\">\n\t\t\t\t\t<a class=\"elementor-button elementor-button-link elementor-size-lg\" href=\"https:\/\/tidycal.com\/consultoria-estrategica-ortafyc\/strategy-session\">\n\t\t\t\t\t\t<span class=\"elementor-button-content-wrapper\">\n\t\t\t\t\t\t<span class=\"elementor-button-icon\">\n\t\t\t\t<i aria-hidden=\"true\" class=\"fas fa-chevron-circle-right\"><\/i>\t\t\t<\/span>\n\t\t\t\t\t\t\t\t\t<span class=\"elementor-button-text\">Select date and time<\/span>\n\t\t\t\t\t<\/span>\n\t\t\t\t\t<\/a>\n\t\t\t\t<\/div>\n\t\t\t\t\t\t\t\t<\/div>\n\t\t\t\t<\/div>\n\t\t\t\t<div class=\"elementor-element elementor-element-75d19e7 elementor-widget elementor-widget-spacer\" data-id=\"75d19e7\" data-element_type=\"widget\" data-e-type=\"widget\" data-widget_type=\"spacer.default\">\n\t\t\t\t<div class=\"elementor-widget-container\">\n\t\t\t\t\t\t\t<div class=\"elementor-spacer\">\n\t\t\t<div class=\"elementor-spacer-inner\"><\/div>\n\t\t<\/div>\n\t\t\t\t\t\t<\/div>\n\t\t\t\t<\/div>\n\t\t\t\t<div class=\"elementor-element elementor-element-5d6bf01 elementor-widget elementor-widget-heading\" data-id=\"5d6bf01\" data-element_type=\"widget\" data-e-type=\"widget\" data-widget_type=\"heading.default\">\n\t\t\t\t<div class=\"elementor-widget-container\">\n\t\t\t\t\t<h2 class=\"elementor-heading-title elementor-size-default\">Questions you may be asking yourself<\/h2>\t\t\t\t<\/div>\n\t\t\t\t<\/div>\n\t\t\t\t<div class=\"elementor-element elementor-element-12fdf24 elementor-widget-divider--view-line elementor-widget elementor-widget-divider\" data-id=\"12fdf24\" data-element_type=\"widget\" data-e-type=\"widget\" data-widget_type=\"divider.default\">\n\t\t\t\t<div class=\"elementor-widget-container\">\n\t\t\t\t\t\t\t<div class=\"elementor-divider\">\n\t\t\t<span class=\"elementor-divider-separator\">\n\t\t\t\t\t\t<\/span>\n\t\t<\/div>\n\t\t\t\t\t\t<\/div>\n\t\t\t\t<\/div>\n\t\t\t\t<div class=\"elementor-element elementor-element-80090ab elementor-widget elementor-widget-heading\" data-id=\"80090ab\" data-element_type=\"widget\" data-e-type=\"widget\" data-widget_type=\"heading.default\">\n\t\t\t\t<div class=\"elementor-widget-container\">\n\t\t\t\t\t<h2 class=\"elementor-heading-title elementor-size-default\">Who is it for?<\/h2>\t\t\t\t<\/div>\n\t\t\t\t<\/div>\n\t\t\t\t<div class=\"elementor-element elementor-element-148a22b elementor-widget elementor-widget-text-editor\" data-id=\"148a22b\" data-element_type=\"widget\" data-e-type=\"widget\" data-widget_type=\"text-editor.default\">\n\t\t\t\t<div class=\"elementor-widget-container\">\n\t\t\t\t\t\t\t\t\t<p>Individuals, entrepreneurs and businessmen who want clarity and to know the best personalised options when it comes to resolving their procedures and procedures with the Administration, Social Security, taxation, accounting, etc.<\/p>\t\t\t\t\t\t\t\t<\/div>\n\t\t\t\t<\/div>\n\t\t\t\t<div class=\"elementor-element elementor-element-a68feee elementor-widget elementor-widget-heading\" data-id=\"a68feee\" data-element_type=\"widget\" data-e-type=\"widget\" data-widget_type=\"heading.default\">\n\t\t\t\t<div class=\"elementor-widget-container\">\n\t\t\t\t\t<h2 class=\"elementor-heading-title elementor-size-default\">What do you take away from this strategy meeting?<\/h2>\t\t\t\t<\/div>\n\t\t\t\t<\/div>\n\t\t\t\t<div class=\"elementor-element elementor-element-fffd142 elementor-widget elementor-widget-text-editor\" data-id=\"fffd142\" data-element_type=\"widget\" data-e-type=\"widget\" data-widget_type=\"text-editor.default\">\n\t\t\t\t<div class=\"elementor-widget-container\">\n\t\t\t\t\t\t\t\t\t<p>A 45-minute strategic session, personalised advice and specific actions to solve your procedures and procedures.<\/p>\n<p>In addition, it includes<\/p>\n<p>Discount of the amount invested in the consultancy on any of our services if after the consultancy we decide to work together.<\/p>\t\t\t\t\t\t\t\t<\/div>\n\t\t\t\t<\/div>\n\t\t\t\t<div class=\"elementor-element elementor-element-b597e01 elementor-widget elementor-widget-heading\" data-id=\"b597e01\" data-element_type=\"widget\" data-e-type=\"widget\" data-widget_type=\"heading.default\">\n\t\t\t\t<div class=\"elementor-widget-container\">\n\t\t\t\t\t<h2 class=\"elementor-heading-title elementor-size-default\">How much does it cost?<\/h2>\t\t\t\t<\/div>\n\t\t\t\t<\/div>\n\t\t\t\t<div class=\"elementor-element elementor-element-90ccd2f elementor-widget elementor-widget-text-editor\" data-id=\"90ccd2f\" data-element_type=\"widget\" data-e-type=\"widget\" data-widget_type=\"text-editor.default\">\n\t\t\t\t<div class=\"elementor-widget-container\">\n\t\t\t\t\t\t\t\t\t<p>You get everything mentioned above for only 50\u20ac (VAT included)<\/p>\t\t\t\t\t\t\t\t<\/div>\n\t\t\t\t<\/div>\n\t\t\t\t<div class=\"elementor-element elementor-element-d21dd3d elementor-widget elementor-widget-spacer\" data-id=\"d21dd3d\" data-element_type=\"widget\" data-e-type=\"widget\" data-widget_type=\"spacer.default\">\n\t\t\t\t<div class=\"elementor-widget-container\">\n\t\t\t\t\t\t\t<div class=\"elementor-spacer\">\n\t\t\t<div class=\"elementor-spacer-inner\"><\/div>\n\t\t<\/div>\n\t\t\t\t\t\t<\/div>\n\t\t\t\t<\/div>\n\t\t\t\t\t<\/div>\n\t\t<\/div>\n\t\t\t\t\t<\/div>\n\t\t<\/section>\n\t\t\t\t<\/div>","protected":false},"excerpt":{"rendered":"<p>Consultor\u00eda estrat\u00e9gica 45 minutos para resolver tus dudas En esta reuni\u00f3n podr\u00e1s preguntarme lo que quieras sobre los tr\u00e1mites con la Administraci\u00f3n, gestiones con las que podemos ayudarte y te llevar\u00e1s la opci\u00f3n m\u00e1s beneficiosa econ\u00f3micamente y la mejor estrategia a seguir para resolverlos. Reserva ya tu sesi\u00f3n: Selecciona fecha y hora Preguntas de esas [&hellip;]<\/p>\n","protected":false},"author":7,"featured_media":0,"parent":0,"menu_order":0,"comment_status":"closed","ping_status":"closed","template":"templates\/landing.php","meta":{"_monsterinsights_skip_tracking":false,"_monsterinsights_sitenote_active":false,"_monsterinsights_sitenote_note":"","_monsterinsights_sitenote_category":0,"ocean_post_layout":"","ocean_both_sidebars_style":"","ocean_both_sidebars_content_width":0,"ocean_both_sidebars_sidebars_width":0,"ocean_sidebar":"","ocean_second_sidebar":"","ocean_disable_margins":"enable","ocean_add_body_class":"","ocean_shortcode_before_top_bar":"","ocean_shortcode_after_top_bar":"","ocean_shortcode_before_header":"","ocean_shortcode_after_header":"","ocean_has_shortcode":"","ocean_shortcode_after_title":"","ocean_shortcode_before_footer_widgets":"","ocean_shortcode_after_footer_widgets":"","ocean_shortcode_before_footer_bottom":"","ocean_shortcode_after_footer_bottom":"","ocean_display_top_bar":"default","ocean_display_header":"default","ocean_header_style":"","ocean_center_header_left_menu":"","ocean_custom_header_template":"","ocean_custom_logo":0,"ocean_custom_retina_logo":0,"ocean_custom_logo_max_width":0,"ocean_custom_logo_tablet_max_width":0,"ocean_custom_logo_mobile_max_width":0,"ocean_custom_logo_max_height":0,"ocean_custom_logo_tablet_max_height":0,"ocean_custom_logo_mobile_max_height":0,"ocean_header_custom_menu":"","ocean_menu_typo_font_family":"","ocean_menu_typo_font_subset":"","ocean_menu_typo_font_size":0,"ocean_menu_typo_font_size_tablet":0,"ocean_menu_typo_font_size_mobile":0,"ocean_menu_typo_font_size_unit":"px","ocean_menu_typo_font_weight":"","ocean_menu_typo_font_weight_tablet":"","ocean_menu_typo_font_weight_mobile":"","ocean_menu_typo_transform":"","ocean_menu_typo_transform_tablet":"","ocean_menu_typo_transform_mobile":"","ocean_menu_typo_line_height":0,"ocean_menu_typo_line_height_tablet":0,"ocean_menu_typo_line_height_mobile":0,"ocean_menu_typo_line_height_unit":"","ocean_menu_typo_spacing":0,"ocean_menu_typo_spacing_tablet":0,"ocean_menu_typo_spacing_mobile":0,"ocean_menu_typo_spacing_unit":"","ocean_menu_link_color":"","ocean_menu_link_color_hover":"","ocean_menu_link_color_active":"","ocean_menu_link_background":"","ocean_menu_link_hover_background":"","ocean_menu_link_active_background":"","ocean_menu_social_links_bg":"","ocean_menu_social_hover_links_bg":"","ocean_menu_social_links_color":"","ocean_menu_social_hover_links_color":"","ocean_disable_title":"default","ocean_disable_heading":"default","ocean_post_title":"","ocean_post_subheading":"","ocean_post_title_style":"","ocean_post_title_background_color":"","ocean_post_title_background":0,"ocean_post_title_bg_image_position":"","ocean_post_title_bg_image_attachment":"","ocean_post_title_bg_image_repeat":"","ocean_post_title_bg_image_size":"","ocean_post_title_height":0,"ocean_post_title_bg_overlay":0.5,"ocean_post_title_bg_overlay_color":"","ocean_disable_breadcrumbs":"default","ocean_breadcrumbs_color":"","ocean_breadcrumbs_separator_color":"","ocean_breadcrumbs_links_color":"","ocean_breadcrumbs_links_hover_color":"","ocean_display_footer_widgets":"default","ocean_display_footer_bottom":"default","ocean_custom_footer_template":"","footnotes":""},"class_list":["post-7622","page","type-page","status-publish","hentry","entry","owp-thumbs-layout-horizontal","owp-btn-normal","owp-tabs-layout-horizontal","has-no-thumbnails","has-product-nav"],"yoast_head":"<!-- This site is optimized with the Yoast SEO plugin v27.2 - https:\/\/yoast.com\/product\/yoast-seo-wordpress\/ -->\n<title>Reserva tu consultor\u00eda - Orta Fiscalidad y Contabilidad<\/title>\n<meta name=\"robots\" content=\"index, follow, max-snippet:-1, max-image-preview:large, max-video-preview:-1\" \/>\n<link rel=\"canonical\" href=\"https:\/\/ortafyc.com\/en\/reserva-tu-consultoria\/\" \/>\n<meta property=\"og:locale\" content=\"en_US\" \/>\n<meta property=\"og:type\" content=\"article\" \/>\n<meta property=\"og:title\" content=\"Reserva tu consultor\u00eda - Orta Fiscalidad y Contabilidad\" \/>\n<meta property=\"og:description\" content=\"Consultor\u00eda estrat\u00e9gica 45 minutos para resolver tus dudas En esta reuni\u00f3n podr\u00e1s preguntarme lo que quieras sobre los tr\u00e1mites con la Administraci\u00f3n, gestiones con las que podemos ayudarte y te llevar\u00e1s la opci\u00f3n m\u00e1s beneficiosa econ\u00f3micamente y la mejor estrategia a seguir para resolverlos. Reserva ya tu sesi\u00f3n: Selecciona fecha y hora Preguntas de esas [&hellip;]\" \/>\n<meta property=\"og:url\" content=\"https:\/\/ortafyc.com\/en\/reserva-tu-consultoria\/\" \/>\n<meta property=\"og:site_name\" content=\"Orta Fiscalidad y Contabilidad\" \/>\n<meta property=\"article:publisher\" content=\"https:\/\/www.facebook.com\/ortafyc\" \/>\n<meta property=\"article:modified_time\" content=\"2025-11-14T12:49:08+00:00\" \/>\n<meta property=\"og:image\" content=\"https:\/\/ortafyc.com\/wp-content\/uploads\/Logo-Web.png\" \/>\n\t<meta property=\"og:image:width\" content=\"500\" \/>\n\t<meta property=\"og:image:height\" content=\"500\" \/>\n\t<meta property=\"og:image:type\" content=\"image\/png\" \/>\n<meta name=\"twitter:card\" content=\"summary_large_image\" \/>\n<meta name=\"twitter:label1\" content=\"Est. reading time\" \/>\n\t<meta name=\"twitter:data1\" content=\"2 minutes\" \/>\n<script type=\"application\/ld+json\" class=\"yoast-schema-graph\">{\"@context\":\"https:\/\/schema.org\",\"@graph\":[{\"@type\":\"WebPage\",\"@id\":\"https:\/\/ortafyc.com\/reserva-tu-consultoria\/\",\"url\":\"https:\/\/ortafyc.com\/reserva-tu-consultoria\/\",\"name\":\"Reserva tu consultor\u00eda - Orta Fiscalidad y Contabilidad\",\"isPartOf\":{\"@id\":\"https:\/\/ortafyc.com\/#website\"},\"primaryImageOfPage\":{\"@id\":\"https:\/\/ortafyc.com\/reserva-tu-consultoria\/#primaryimage\"},\"image\":{\"@id\":\"https:\/\/ortafyc.com\/reserva-tu-consultoria\/#primaryimage\"},\"thumbnailUrl\":\"https:\/\/ortafyc.com\/wp-content\/uploads\/Logo-Web.png\",\"datePublished\":\"2023-07-03T18:01:40+00:00\",\"dateModified\":\"2025-11-14T12:49:08+00:00\",\"breadcrumb\":{\"@id\":\"https:\/\/ortafyc.com\/reserva-tu-consultoria\/#breadcrumb\"},\"inLanguage\":\"en-US\",\"potentialAction\":[{\"@type\":\"ReadAction\",\"target\":[\"https:\/\/ortafyc.com\/reserva-tu-consultoria\/\"]}]},{\"@type\":\"ImageObject\",\"inLanguage\":\"en-US\",\"@id\":\"https:\/\/ortafyc.com\/reserva-tu-consultoria\/#primaryimage\",\"url\":\"https:\/\/ortafyc.com\/wp-content\/uploads\/Logo-Web.png\",\"contentUrl\":\"https:\/\/ortafyc.com\/wp-content\/uploads\/Logo-Web.png\"},{\"@type\":\"BreadcrumbList\",\"@id\":\"https:\/\/ortafyc.com\/reserva-tu-consultoria\/#breadcrumb\",\"itemListElement\":[{\"@type\":\"ListItem\",\"position\":1,\"name\":\"Portada\",\"item\":\"https:\/\/ortafyc.com\/\"},{\"@type\":\"ListItem\",\"position\":2,\"name\":\"Reserva tu consultor\u00eda\"}]},{\"@type\":\"WebSite\",\"@id\":\"https:\/\/ortafyc.com\/#website\",\"url\":\"https:\/\/ortafyc.com\/\",\"name\":\"Orta Fiscalidad y Contabilidad\",\"description\":\"\",\"publisher\":{\"@id\":\"https:\/\/ortafyc.com\/#organization\"},\"potentialAction\":[{\"@type\":\"SearchAction\",\"target\":{\"@type\":\"EntryPoint\",\"urlTemplate\":\"https:\/\/ortafyc.com\/?s={search_term_string}\"},\"query-input\":{\"@type\":\"PropertyValueSpecification\",\"valueRequired\":true,\"valueName\":\"search_term_string\"}}],\"inLanguage\":\"en-US\"},{\"@type\":\"Organization\",\"@id\":\"https:\/\/ortafyc.com\/#organization\",\"name\":\"ortafyc\",\"url\":\"https:\/\/ortafyc.com\/\",\"logo\":{\"@type\":\"ImageObject\",\"inLanguage\":\"en-US\",\"@id\":\"https:\/\/ortafyc.com\/#\/schema\/logo\/image\/\",\"url\":\"https:\/\/ortafyc.com\/wp-content\/uploads\/LOGO_ORTA.png\",\"contentUrl\":\"https:\/\/ortafyc.com\/wp-content\/uploads\/LOGO_ORTA.png\",\"width\":974,\"height\":582,\"caption\":\"ortafyc\"},\"image\":{\"@id\":\"https:\/\/ortafyc.com\/#\/schema\/logo\/image\/\"},\"sameAs\":[\"https:\/\/www.facebook.com\/ortafyc\",\"https:\/\/www.instagram.com\/ortafyc\/\",\"https:\/\/www.linkedin.com\/in\/jos\u00e9-manuel-orta-mu\u00f1oz-69b718202\/\"]}]}<\/script>\n<!-- \/ Yoast SEO plugin. -->","yoast_head_json":{"title":"Reserva tu consultor\u00eda - Orta Fiscalidad y Contabilidad","robots":{"index":"index","follow":"follow","max-snippet":"max-snippet:-1","max-image-preview":"max-image-preview:large","max-video-preview":"max-video-preview:-1"},"canonical":"https:\/\/ortafyc.com\/en\/reserva-tu-consultoria\/","og_locale":"en_US","og_type":"article","og_title":"Reserva tu consultor\u00eda - Orta Fiscalidad y Contabilidad","og_description":"Consultor\u00eda estrat\u00e9gica 45 minutos para resolver tus dudas En esta reuni\u00f3n podr\u00e1s preguntarme lo que quieras sobre los tr\u00e1mites con la Administraci\u00f3n, gestiones con las que podemos ayudarte y te llevar\u00e1s la opci\u00f3n m\u00e1s beneficiosa econ\u00f3micamente y la mejor estrategia a seguir para resolverlos. Reserva ya tu sesi\u00f3n: Selecciona fecha y hora Preguntas de esas [&hellip;]","og_url":"https:\/\/ortafyc.com\/en\/reserva-tu-consultoria\/","og_site_name":"Orta Fiscalidad y Contabilidad","article_publisher":"https:\/\/www.facebook.com\/ortafyc","article_modified_time":"2025-11-14T12:49:08+00:00","og_image":[{"width":500,"height":500,"url":"https:\/\/ortafyc.com\/wp-content\/uploads\/Logo-Web.png","type":"image\/png"}],"twitter_card":"summary_large_image","twitter_misc":{"Est. reading time":"2 minutes"},"schema":{"@context":"https:\/\/schema.org","@graph":[{"@type":"WebPage","@id":"https:\/\/ortafyc.com\/reserva-tu-consultoria\/","url":"https:\/\/ortafyc.com\/reserva-tu-consultoria\/","name":"Reserva tu consultor\u00eda - Orta Fiscalidad y Contabilidad","isPartOf":{"@id":"https:\/\/ortafyc.com\/#website"},"primaryImageOfPage":{"@id":"https:\/\/ortafyc.com\/reserva-tu-consultoria\/#primaryimage"},"image":{"@id":"https:\/\/ortafyc.com\/reserva-tu-consultoria\/#primaryimage"},"thumbnailUrl":"https:\/\/ortafyc.com\/wp-content\/uploads\/Logo-Web.png","datePublished":"2023-07-03T18:01:40+00:00","dateModified":"2025-11-14T12:49:08+00:00","breadcrumb":{"@id":"https:\/\/ortafyc.com\/reserva-tu-consultoria\/#breadcrumb"},"inLanguage":"en-US","potentialAction":[{"@type":"ReadAction","target":["https:\/\/ortafyc.com\/reserva-tu-consultoria\/"]}]},{"@type":"ImageObject","inLanguage":"en-US","@id":"https:\/\/ortafyc.com\/reserva-tu-consultoria\/#primaryimage","url":"https:\/\/ortafyc.com\/wp-content\/uploads\/Logo-Web.png","contentUrl":"https:\/\/ortafyc.com\/wp-content\/uploads\/Logo-Web.png"},{"@type":"BreadcrumbList","@id":"https:\/\/ortafyc.com\/reserva-tu-consultoria\/#breadcrumb","itemListElement":[{"@type":"ListItem","position":1,"name":"Portada","item":"https:\/\/ortafyc.com\/"},{"@type":"ListItem","position":2,"name":"Reserva tu consultor\u00eda"}]},{"@type":"WebSite","@id":"https:\/\/ortafyc.com\/#website","url":"https:\/\/ortafyc.com\/","name":"Orta Fiscalidad y Contabilidad","description":"","publisher":{"@id":"https:\/\/ortafyc.com\/#organization"},"potentialAction":[{"@type":"SearchAction","target":{"@type":"EntryPoint","urlTemplate":"https:\/\/ortafyc.com\/?s={search_term_string}"},"query-input":{"@type":"PropertyValueSpecification","valueRequired":true,"valueName":"search_term_string"}}],"inLanguage":"en-US"},{"@type":"Organization","@id":"https:\/\/ortafyc.com\/#organization","name":"ortafyc","url":"https:\/\/ortafyc.com\/","logo":{"@type":"ImageObject","inLanguage":"en-US","@id":"https:\/\/ortafyc.com\/#\/schema\/logo\/image\/","url":"https:\/\/ortafyc.com\/wp-content\/uploads\/LOGO_ORTA.png","contentUrl":"https:\/\/ortafyc.com\/wp-content\/uploads\/LOGO_ORTA.png","width":974,"height":582,"caption":"ortafyc"},"image":{"@id":"https:\/\/ortafyc.com\/#\/schema\/logo\/image\/"},"sameAs":["https:\/\/www.facebook.com\/ortafyc","https:\/\/www.instagram.com\/ortafyc\/","https:\/\/www.linkedin.com\/in\/jos\u00e9-manuel-orta-mu\u00f1oz-69b718202\/"]}]}},"_links":{"self":[{"href":"https:\/\/ortafyc.com\/en\/wp-json\/wp\/v2\/pages\/7622","targetHints":{"allow":["GET"]}}],"collection":[{"href":"https:\/\/ortafyc.com\/en\/wp-json\/wp\/v2\/pages"}],"about":[{"href":"https:\/\/ortafyc.com\/en\/wp-json\/wp\/v2\/types\/page"}],"author":[{"embeddable":true,"href":"https:\/\/ortafyc.com\/en\/wp-json\/wp\/v2\/users\/7"}],"replies":[{"embeddable":true,"href":"https:\/\/ortafyc.com\/en\/wp-json\/wp\/v2\/comments?post=7622"}],"version-history":[{"count":52,"href":"https:\/\/ortafyc.com\/en\/wp-json\/wp\/v2\/pages\/7622\/revisions"}],"predecessor-version":[{"id":8289,"href":"https:\/\/ortafyc.com\/en\/wp-json\/wp\/v2\/pages\/7622\/revisions\/8289"}],"wp:attachment":[{"href":"https:\/\/ortafyc.com\/en\/wp-json\/wp\/v2\/media?parent=7622"}],"curies":[{"name":"wp","href":"https:\/\/api.w.org\/{rel}","templated":true}]}}