{"id":6363,"date":"2022-07-06T15:20:16","date_gmt":"2022-07-06T13:20:16","guid":{"rendered":"https:\/\/ortafyc.com\/?page_id=6363"},"modified":"2023-12-13T18:43:01","modified_gmt":"2023-12-13T17:43:01","slug":"politica-de-consentimiento-de-datos","status":"publish","type":"page","link":"https:\/\/ortafyc.com\/en\/politica-de-consentimiento-de-datos\/","title":{"rendered":"Consentimiento para el tratamiento de datos personales y pol\u00edtica de privacidad."},"content":{"rendered":"<div data-elementor-type=\"wp-page\" data-elementor-id=\"6363\" class=\"elementor elementor-6363\" data-elementor-post-type=\"page\">\n\t\t\t\t\t\t<section class=\"elementor-section elementor-top-section elementor-element elementor-element-fa34c55 elementor-section-boxed elementor-section-height-default elementor-section-height-default\" data-id=\"fa34c55\" data-element_type=\"section\" data-e-type=\"section\" data-settings=\"{&quot;background_background&quot;:&quot;classic&quot;}\">\n\t\t\t\t\t\t<div class=\"elementor-container elementor-column-gap-default\">\n\t\t\t\t\t<div class=\"elementor-column elementor-col-100 elementor-top-column elementor-element elementor-element-0b26e43\" data-id=\"0b26e43\" data-element_type=\"column\" data-e-type=\"column\">\n\t\t\t<div class=\"elementor-widget-wrap elementor-element-populated\">\n\t\t\t\t\t\t<div class=\"elementor-element elementor-element-c886662 elementor-widget elementor-widget-heading\" data-id=\"c886662\" data-element_type=\"widget\" data-e-type=\"widget\" data-widget_type=\"heading.default\">\n\t\t\t\t<div class=\"elementor-widget-container\">\n\t\t\t\t\t<h2 class=\"elementor-heading-title elementor-size-default\">Consentimiento para el tratamiento <br>de datos personales  <br><br><\/h2>\t\t\t\t<\/div>\n\t\t\t\t<\/div>\n\t\t\t\t\t<\/div>\n\t\t<\/div>\n\t\t\t\t\t<\/div>\n\t\t<\/section>\n\t\t\t\t<section class=\"elementor-section elementor-top-section elementor-element elementor-element-2f59c0e elementor-section-boxed elementor-section-height-default elementor-section-height-default\" data-id=\"2f59c0e\" data-element_type=\"section\" data-e-type=\"section\">\n\t\t\t\t\t\t<div class=\"elementor-container elementor-column-gap-default\">\n\t\t\t\t\t<div class=\"elementor-column elementor-col-100 elementor-top-column elementor-element elementor-element-efe2300\" data-id=\"efe2300\" data-element_type=\"column\" data-e-type=\"column\">\n\t\t\t<div class=\"elementor-widget-wrap elementor-element-populated\">\n\t\t\t\t\t\t<div class=\"elementor-element elementor-element-579c83f8 elementor-widget elementor-widget-text-editor\" data-id=\"579c83f8\" data-element_type=\"widget\" data-e-type=\"widget\" data-widget_type=\"text-editor.default\">\n\t\t\t\t<div class=\"elementor-widget-container\">\n\t\t\t\t\t\t\t\t\t<div class=\"page\" title=\"Page 11\"><div class=\"layoutArea\"><div class=\"column\"><p><strong>CONSENTIMIENTO PARA EL TRATAMIENTO DE DATOS PERSONALES Y POLI\u0301TICA DE PRIVACIDAD.<\/strong><\/p><p><strong>ORTA FISCALIDAD Y CONTABILIDAD S.L.<\/strong>\u00a0es el Responsable del tratamiento de los datos personales del Usuario y le informa de que estos datos se tratara\u0301n de conformidad con lo dispuesto en el Reglamento (UE) 2016\/679, de 27 de abril (GDPR), y la Ley Orga\u0301nica 3\/2018, de 5 de diciembre (LOPDGDD), por lo que se le facilita la siguiente informacio\u0301n del tratamiento:<\/p><p><strong>Fines y legitimacio\u0301n del tratamiento:<\/strong> mantener una relacio\u0301n comercial (por intere\u0301s legi\u0301timo del responsable, art. 6.1.f GDPR) y envi\u0301o de comunicaciones de productos o servicios (con el consentimiento del interesado, art. 6.1.a GDPR).<\/p><p><strong>Criterios de conservacio\u0301n de los datos:<\/strong> se conservara\u0301n durante no ma\u0301s tiempo del necesario para mantener el fin del tratamiento o existan prescripciones legales que dictaminen su custodia y cuando ya no sea necesario para ello, se suprimira\u0301n con medidas de seguridad adecuadas para garantizar la anonimizacio\u0301n de los datos o la destruccio\u0301n total de los mismos.<\/p><p><strong>CARA\u0301CTER OBLIGATORIO O FACULTATIVO DE LA INFORMACIO\u0301N FACILITADA POR EL USUARIO<\/strong><\/p><p>Los USUARIOS, mediante la marcacio\u0301n de las casillas correspondientes y la entrada de datos en los campos, marcados con un asterisco (*) en el formulario de contacto o presentados en formularios de descarga, aceptan expresamente y de forma libre e inequi\u0301voca, que sus datos son necesarios para atender su peticio\u0301n, por parte del prestador, siendo voluntaria la inclusio\u0301n de datos en los campos restantes. El USUARIO garantiza que los datos personales facilitados al RESPONSABLE son veraces\u00a0y se hace responsable de comunicar cualquier modificacio\u0301n de los mismos. El RESPONSABLE informa de que todos los datos solicitados a trave\u0301s del sitio web son obligatorios, ya que son necesarios para la prestacio\u0301n de un servicio o\u0301ptimo al USUARIO. En caso de que no se faciliten todos los datos, no se garantiza que la informacio\u0301n y servicios facilitados sean completamente ajustados a sus necesidades.<\/p><p><strong>MEDIDAS DE SEGURIDAD<\/strong><\/p><p>Que de conformidad con lo dispuesto en las normativas vigentes en proteccio\u0301n de datos personales, el RESPONSABLE esta\u0301 cumpliendo con todas las disposiciones de las normativas GDPR y LOPDGDD para el tratamiento de los datos personales de su responsabilidad, y manifiestamente con los principios descritos en el arti\u0301culo 5 del GDPR, por los cuales son tratados de manera li\u0301cita, leal y transparente en relacio\u0301n con el interesado y adecuados, pertinentes y limitados a lo necesario en relacio\u0301n con los fines para los que son tratados. El RESPONSABLE garantiza que ha implementado poli\u0301ticas te\u0301cnicas y organizativas apropiadas para aplicar las medidas de seguridad que establecen el GDPR y la LOPDGDD con el fin de proteger los derechos y libertades de los USUARIOS y les ha comunicado la informacio\u0301n adecuada para que puedan ejercerlos. Para ma\u0301s informacio\u0301n sobre las garanti\u0301as de\u00a0<span style=\"font-size: 18px; letter-spacing: 0.3px;\">privacidad, puedes dirigirte al RESPONSABLE a trave\u0301s de ORTA FISCALIDAD Y CONTABILIDAD, S.L. EDIFICIO METROQUINTO, AVENIDA DE MONTEQUINTO S\/N 41089 DOS HERMANAS (SEVILLA). E-mail. info@ortafyc.com<\/span><\/p><p><strong>Comunicacio\u0301n de los datos:<\/strong> no se comunicara\u0301n los datos a terceros, salvo obligacio\u0301n legal.<\/p><div class=\"page\" title=\"Page 12\"><div class=\"layoutArea\"><div class=\"column\"><p><strong>Derechos que asisten al Usuario:<\/strong><\/p><p>The right to withdraw consent at any time.<\/p><p>&#8211; Derecho de acceso, rectificaci\u00f3n, portabilidad y supresi\u00f3n de sus datos, y de limitaci\u00f3n u oposici\u00f3n a su tratamiento.<\/p><p>The right to lodge a complaint with the supervisory authority (www.aepd.es) if you believe the processing does not comply with the law.<\/p><p><strong>Contact details to exercise your rights:<\/strong><\/p><p>ORTA FISCALIDAD Y CONTABILIDAD, S.L.\u2028Edificio Metroquinto, Avenida de Montequinto s\/n\u202841089 Dos Hermanas (Sevilla), Spain. \u2028Email: info@ortafyc.com<\/p><p style=\"text-align: center;\"><strong><em>Para continuar debe aceptar que ha lei\u0301do y esta\u0301 conforme con la cla\u0301usula anterior<\/em><\/strong><\/p><\/div><\/div><\/div><\/div><\/div><\/div>\t\t\t\t\t\t\t\t<\/div>\n\t\t\t\t<\/div>\n\t\t\t\t<div class=\"elementor-element elementor-element-efe2027 elementor-align-center elementor-widget elementor-widget-button\" data-id=\"efe2027\" data-element_type=\"widget\" data-e-type=\"widget\" data-widget_type=\"button.default\">\n\t\t\t\t<div class=\"elementor-widget-container\">\n\t\t\t\t\t\t\t\t\t<div class=\"elementor-button-wrapper\">\n\t\t\t\t\t<a class=\"elementor-button elementor-button-link elementor-size-lg\" href=\"https:\/\/ortafyc.com\/en\/\">\n\t\t\t\t\t\t<span class=\"elementor-button-content-wrapper\">\n\t\t\t\t\t\t<span class=\"elementor-button-icon\">\n\t\t\t\t<i aria-hidden=\"true\" class=\"fas fa-chevron-circle-right\"><\/i>\t\t\t<\/span>\n\t\t\t\t\t\t\t\t\t<span class=\"elementor-button-text\">Aceptar<\/span>\n\t\t\t\t\t<\/span>\n\t\t\t\t\t<\/a>\n\t\t\t\t<\/div>\n\t\t\t\t\t\t\t\t<\/div>\n\t\t\t\t<\/div>\n\t\t\t\t\t<\/div>\n\t\t<\/div>\n\t\t\t\t\t<\/div>\n\t\t<\/section>\n\t\t\t\t<section class=\"elementor-section elementor-top-section elementor-element elementor-element-33ba6bfd elementor-section-boxed elementor-section-height-default elementor-section-height-default\" data-id=\"33ba6bfd\" data-element_type=\"section\" data-e-type=\"section\" data-settings=\"{&quot;background_background&quot;:&quot;classic&quot;}\">\n\t\t\t\t\t\t<div class=\"elementor-container elementor-column-gap-default\">\n\t\t\t\t\t<div class=\"elementor-column elementor-col-33 elementor-top-column elementor-element elementor-element-4a5a6cf0\" data-id=\"4a5a6cf0\" data-element_type=\"column\" data-e-type=\"column\">\n\t\t\t<div class=\"elementor-widget-wrap elementor-element-populated\">\n\t\t\t\t\t\t<div class=\"elementor-element elementor-element-370937e0 elementor-widget elementor-widget-text-editor\" data-id=\"370937e0\" data-element_type=\"widget\" data-e-type=\"widget\" data-widget_type=\"text-editor.default\">\n\t\t\t\t<div class=\"elementor-widget-container\">\n\t\t\t\t\t\t\t\t\t<p>Copyright <span style=\"color: #dda05e;\">\u00a9<\/span> 2022 Ortafyc<\/p>\t\t\t\t\t\t\t\t<\/div>\n\t\t\t\t<\/div>\n\t\t\t\t\t<\/div>\n\t\t<\/div>\n\t\t\t\t<div class=\"elementor-column elementor-col-33 elementor-top-column elementor-element elementor-element-4df9379b\" data-id=\"4df9379b\" data-element_type=\"column\" data-e-type=\"column\">\n\t\t\t<div class=\"elementor-widget-wrap elementor-element-populated\">\n\t\t\t\t\t\t<div class=\"elementor-element elementor-element-7755826 elementor-widget elementor-widget-text-editor\" data-id=\"7755826\" data-element_type=\"widget\" data-e-type=\"widget\" data-widget_type=\"text-editor.default\">\n\t\t\t\t<div class=\"elementor-widget-container\">\n\t\t\t\t\t\t\t\t\t<p><a href=\"\/en\/aviso-legal\/\" target=\"_blank\" rel=\"noopener\"><span style=\"color: #ffffff;\">Legal Notice\u00a0<span style=\"color: #dda05e;\">\u2022 <\/span><\/span><\/a><a href=\"\/en\/politica-de-privacidad\/\" target=\"_blank\" rel=\"noopener\"><span style=\"color: #ffffff;\">P. de Privacidad<span style=\"color: #dda05e;\"> \u2022 <\/span><\/span><\/a><span style=\"color: #ffffff;\"><a style=\"color: #ffffff;\" href=\"https:\/\/ortafyc.com\/en\/politica-de-cookies\/\" target=\"_blank\" rel=\"noopener\">Cookie Policy<\/a><\/span><\/p>\t\t\t\t\t\t\t\t<\/div>\n\t\t\t\t<\/div>\n\t\t\t\t\t<\/div>\n\t\t<\/div>\n\t\t\t\t<div class=\"elementor-column elementor-col-33 elementor-top-column elementor-element elementor-element-53eea8ef\" data-id=\"53eea8ef\" data-element_type=\"column\" data-e-type=\"column\">\n\t\t\t<div class=\"elementor-widget-wrap elementor-element-populated\">\n\t\t\t\t\t\t<div class=\"elementor-element elementor-element-67b88e0b elementor-widget elementor-widget-text-editor\" data-id=\"67b88e0b\" data-element_type=\"widget\" data-e-type=\"widget\" data-widget_type=\"text-editor.default\">\n\t\t\t\t<div class=\"elementor-widget-container\">\n\t\t\t\t\t\t\t\t\t<p>Estrategia digital por <a href=\"https:\/\/www.instagram.com\/aliciamojica_estrategadigital\/\"><span style=\"color: #ffff00;\"><strong>@aliciamojica<\/strong><\/span><\/a><\/p>\t\t\t\t\t\t\t\t<\/div>\n\t\t\t\t<\/div>\n\t\t\t\t\t<\/div>\n\t\t<\/div>\n\t\t\t\t\t<\/div>\n\t\t<\/section>\n\t\t\t\t<\/div>","protected":false},"excerpt":{"rendered":"<p>Consentimiento para el tratamiento de datos personales CONSENTIMIENTO PARA EL TRATAMIENTO DE DATOS PERSONALES Y POLI\u0301TICA DE PRIVACIDAD. ORTA FISCALIDAD Y CONTABILIDAD S.L.\u00a0es el Responsable del tratamiento de los datos personales del Usuario y le informa de que estos datos se tratara\u0301n de conformidad con lo dispuesto en el Reglamento (UE) 2016\/679, de 27 de [&hellip;]<\/p>\n","protected":false},"author":7,"featured_media":0,"parent":0,"menu_order":0,"comment_status":"closed","ping_status":"closed","template":"templates\/landing.php","meta":{"_monsterinsights_skip_tracking":false,"_monsterinsights_sitenote_active":false,"_monsterinsights_sitenote_note":"","_monsterinsights_sitenote_category":0,"ocean_post_layout":"full-screen","ocean_both_sidebars_style":"","ocean_both_sidebars_content_width":0,"ocean_both_sidebars_sidebars_width":0,"ocean_sidebar":"0","ocean_second_sidebar":"0","ocean_disable_margins":"enable","ocean_add_body_class":"","ocean_shortcode_before_top_bar":"","ocean_shortcode_after_top_bar":"","ocean_shortcode_before_header":"","ocean_shortcode_after_header":"","ocean_has_shortcode":"","ocean_shortcode_after_title":"","ocean_shortcode_before_footer_widgets":"","ocean_shortcode_after_footer_widgets":"","ocean_shortcode_before_footer_bottom":"","ocean_shortcode_after_footer_bottom":"","ocean_display_top_bar":"default","ocean_display_header":"default","ocean_header_style":"","ocean_center_header_left_menu":"0","ocean_custom_header_template":"0","ocean_custom_logo":0,"ocean_custom_retina_logo":0,"ocean_custom_logo_max_width":0,"ocean_custom_logo_tablet_max_width":0,"ocean_custom_logo_mobile_max_width":0,"ocean_custom_logo_max_height":0,"ocean_custom_logo_tablet_max_height":0,"ocean_custom_logo_mobile_max_height":0,"ocean_header_custom_menu":"0","ocean_menu_typo_font_family":"0","ocean_menu_typo_font_subset":"","ocean_menu_typo_font_size":0,"ocean_menu_typo_font_size_tablet":0,"ocean_menu_typo_font_size_mobile":0,"ocean_menu_typo_font_size_unit":"px","ocean_menu_typo_font_weight":"","ocean_menu_typo_font_weight_tablet":"","ocean_menu_typo_font_weight_mobile":"","ocean_menu_typo_transform":"","ocean_menu_typo_transform_tablet":"","ocean_menu_typo_transform_mobile":"","ocean_menu_typo_line_height":0,"ocean_menu_typo_line_height_tablet":0,"ocean_menu_typo_line_height_mobile":0,"ocean_menu_typo_line_height_unit":"","ocean_menu_typo_spacing":0,"ocean_menu_typo_spacing_tablet":0,"ocean_menu_typo_spacing_mobile":0,"ocean_menu_typo_spacing_unit":"","ocean_menu_link_color":"","ocean_menu_link_color_hover":"","ocean_menu_link_color_active":"","ocean_menu_link_background":"","ocean_menu_link_hover_background":"","ocean_menu_link_active_background":"","ocean_menu_social_links_bg":"","ocean_menu_social_hover_links_bg":"","ocean_menu_social_links_color":"","ocean_menu_social_hover_links_color":"","ocean_disable_title":"on","ocean_disable_heading":"default","ocean_post_title":"","ocean_post_subheading":"","ocean_post_title_style":"","ocean_post_title_background_color":"","ocean_post_title_background":0,"ocean_post_title_bg_image_position":"","ocean_post_title_bg_image_attachment":"","ocean_post_title_bg_image_repeat":"","ocean_post_title_bg_image_size":"","ocean_post_title_height":0,"ocean_post_title_bg_overlay":0.5,"ocean_post_title_bg_overlay_color":"","ocean_disable_breadcrumbs":"off","ocean_breadcrumbs_color":"","ocean_breadcrumbs_separator_color":"","ocean_breadcrumbs_links_color":"","ocean_breadcrumbs_links_hover_color":"","ocean_display_footer_widgets":"default","ocean_display_footer_bottom":"default","ocean_custom_footer_template":"0","footnotes":""},"class_list":["post-6363","page","type-page","status-publish","hentry","entry","owp-thumbs-layout-horizontal","owp-btn-normal","owp-tabs-layout-horizontal","has-no-thumbnails","has-product-nav"],"yoast_head":"<!-- This site is optimized with the Yoast SEO plugin v27.4 - https:\/\/yoast.com\/product\/yoast-seo-wordpress\/ -->\n<title>Consentimiento para el tratamiento de datos personales y pol\u00edtica de privacidad. - Orta Fiscalidad y Contabilidad<\/title>\n<meta name=\"robots\" content=\"index, follow, max-snippet:-1, max-image-preview:large, max-video-preview:-1\" \/>\n<link rel=\"canonical\" href=\"https:\/\/ortafyc.com\/en\/politica-de-consentimiento-de-datos\/\" \/>\n<meta property=\"og:locale\" content=\"en_US\" \/>\n<meta property=\"og:type\" content=\"article\" \/>\n<meta property=\"og:title\" content=\"Consentimiento para el tratamiento de datos personales y pol\u00edtica de privacidad. - Orta Fiscalidad y Contabilidad\" \/>\n<meta property=\"og:description\" content=\"Consentimiento para el tratamiento de datos personales CONSENTIMIENTO PARA EL TRATAMIENTO DE DATOS PERSONALES Y POLI\u0301TICA DE PRIVACIDAD. ORTA FISCALIDAD Y CONTABILIDAD S.L.\u00a0es el Responsable del tratamiento de los datos personales del Usuario y le informa de que estos datos se tratara\u0301n de conformidad con lo dispuesto en el Reglamento (UE) 2016\/679, de 27 de [&hellip;]\" \/>\n<meta property=\"og:url\" content=\"https:\/\/ortafyc.com\/en\/politica-de-consentimiento-de-datos\/\" \/>\n<meta property=\"og:site_name\" content=\"Orta Fiscalidad y Contabilidad\" \/>\n<meta property=\"article:publisher\" content=\"https:\/\/www.facebook.com\/ortafyc\" \/>\n<meta property=\"article:modified_time\" content=\"2023-12-13T17:43:01+00:00\" \/>\n<meta name=\"twitter:card\" content=\"summary_large_image\" \/>\n<meta name=\"twitter:label1\" content=\"Est. reading time\" \/>\n\t<meta name=\"twitter:data1\" content=\"3 minutes\" \/>\n<script type=\"application\/ld+json\" class=\"yoast-schema-graph\">{\"@context\":\"https:\\\/\\\/schema.org\",\"@graph\":[{\"@type\":\"WebPage\",\"@id\":\"https:\\\/\\\/ortafyc.com\\\/politica-de-consentimiento-de-datos\\\/\",\"url\":\"https:\\\/\\\/ortafyc.com\\\/politica-de-consentimiento-de-datos\\\/\",\"name\":\"Consentimiento para el tratamiento de datos personales y pol\u00edtica de privacidad. - Orta Fiscalidad y Contabilidad\",\"isPartOf\":{\"@id\":\"https:\\\/\\\/ortafyc.com\\\/#website\"},\"datePublished\":\"2022-07-06T13:20:16+00:00\",\"dateModified\":\"2023-12-13T17:43:01+00:00\",\"breadcrumb\":{\"@id\":\"https:\\\/\\\/ortafyc.com\\\/politica-de-consentimiento-de-datos\\\/#breadcrumb\"},\"inLanguage\":\"en-US\",\"potentialAction\":[{\"@type\":\"ReadAction\",\"target\":[\"https:\\\/\\\/ortafyc.com\\\/politica-de-consentimiento-de-datos\\\/\"]}]},{\"@type\":\"BreadcrumbList\",\"@id\":\"https:\\\/\\\/ortafyc.com\\\/politica-de-consentimiento-de-datos\\\/#breadcrumb\",\"itemListElement\":[{\"@type\":\"ListItem\",\"position\":1,\"name\":\"Portada\",\"item\":\"https:\\\/\\\/ortafyc.com\\\/\"},{\"@type\":\"ListItem\",\"position\":2,\"name\":\"Consentimiento para el tratamiento de datos personales y pol\u00edtica de privacidad.\"}]},{\"@type\":\"WebSite\",\"@id\":\"https:\\\/\\\/ortafyc.com\\\/#website\",\"url\":\"https:\\\/\\\/ortafyc.com\\\/\",\"name\":\"Orta Fiscalidad y Contabilidad\",\"description\":\"\",\"publisher\":{\"@id\":\"https:\\\/\\\/ortafyc.com\\\/#organization\"},\"potentialAction\":[{\"@type\":\"SearchAction\",\"target\":{\"@type\":\"EntryPoint\",\"urlTemplate\":\"https:\\\/\\\/ortafyc.com\\\/?s={search_term_string}\"},\"query-input\":{\"@type\":\"PropertyValueSpecification\",\"valueRequired\":true,\"valueName\":\"search_term_string\"}}],\"inLanguage\":\"en-US\"},{\"@type\":\"Organization\",\"@id\":\"https:\\\/\\\/ortafyc.com\\\/#organization\",\"name\":\"ortafyc\",\"url\":\"https:\\\/\\\/ortafyc.com\\\/\",\"logo\":{\"@type\":\"ImageObject\",\"inLanguage\":\"en-US\",\"@id\":\"https:\\\/\\\/ortafyc.com\\\/#\\\/schema\\\/logo\\\/image\\\/\",\"url\":\"https:\\\/\\\/ortafyc.com\\\/wp-content\\\/uploads\\\/LOGO_ORTA.png\",\"contentUrl\":\"https:\\\/\\\/ortafyc.com\\\/wp-content\\\/uploads\\\/LOGO_ORTA.png\",\"width\":974,\"height\":582,\"caption\":\"ortafyc\"},\"image\":{\"@id\":\"https:\\\/\\\/ortafyc.com\\\/#\\\/schema\\\/logo\\\/image\\\/\"},\"sameAs\":[\"https:\\\/\\\/www.facebook.com\\\/ortafyc\",\"https:\\\/\\\/www.instagram.com\\\/ortafyc\\\/\",\"https:\\\/\\\/www.linkedin.com\\\/in\\\/jos\u00e9-manuel-orta-mu\u00f1oz-69b718202\\\/\"]}]}<\/script>\n<!-- \/ Yoast SEO plugin. -->","yoast_head_json":{"title":"Consentimiento para el tratamiento de datos personales y pol\u00edtica de privacidad. - Orta Fiscalidad y Contabilidad","robots":{"index":"index","follow":"follow","max-snippet":"max-snippet:-1","max-image-preview":"max-image-preview:large","max-video-preview":"max-video-preview:-1"},"canonical":"https:\/\/ortafyc.com\/en\/politica-de-consentimiento-de-datos\/","og_locale":"en_US","og_type":"article","og_title":"Consentimiento para el tratamiento de datos personales y pol\u00edtica de privacidad. - Orta Fiscalidad y Contabilidad","og_description":"Consentimiento para el tratamiento de datos personales CONSENTIMIENTO PARA EL TRATAMIENTO DE DATOS PERSONALES Y POLI\u0301TICA DE PRIVACIDAD. ORTA FISCALIDAD Y CONTABILIDAD S.L.\u00a0es el Responsable del tratamiento de los datos personales del Usuario y le informa de que estos datos se tratara\u0301n de conformidad con lo dispuesto en el Reglamento (UE) 2016\/679, de 27 de [&hellip;]","og_url":"https:\/\/ortafyc.com\/en\/politica-de-consentimiento-de-datos\/","og_site_name":"Orta Fiscalidad y Contabilidad","article_publisher":"https:\/\/www.facebook.com\/ortafyc","article_modified_time":"2023-12-13T17:43:01+00:00","twitter_card":"summary_large_image","twitter_misc":{"Est. reading time":"3 minutes"},"schema":{"@context":"https:\/\/schema.org","@graph":[{"@type":"WebPage","@id":"https:\/\/ortafyc.com\/politica-de-consentimiento-de-datos\/","url":"https:\/\/ortafyc.com\/politica-de-consentimiento-de-datos\/","name":"Consentimiento para el tratamiento de datos personales y pol\u00edtica de privacidad. - Orta Fiscalidad y Contabilidad","isPartOf":{"@id":"https:\/\/ortafyc.com\/#website"},"datePublished":"2022-07-06T13:20:16+00:00","dateModified":"2023-12-13T17:43:01+00:00","breadcrumb":{"@id":"https:\/\/ortafyc.com\/politica-de-consentimiento-de-datos\/#breadcrumb"},"inLanguage":"en-US","potentialAction":[{"@type":"ReadAction","target":["https:\/\/ortafyc.com\/politica-de-consentimiento-de-datos\/"]}]},{"@type":"BreadcrumbList","@id":"https:\/\/ortafyc.com\/politica-de-consentimiento-de-datos\/#breadcrumb","itemListElement":[{"@type":"ListItem","position":1,"name":"Portada","item":"https:\/\/ortafyc.com\/"},{"@type":"ListItem","position":2,"name":"Consentimiento para el tratamiento de datos personales y pol\u00edtica de privacidad."}]},{"@type":"WebSite","@id":"https:\/\/ortafyc.com\/#website","url":"https:\/\/ortafyc.com\/","name":"Orta Fiscalidad y Contabilidad","description":"","publisher":{"@id":"https:\/\/ortafyc.com\/#organization"},"potentialAction":[{"@type":"SearchAction","target":{"@type":"EntryPoint","urlTemplate":"https:\/\/ortafyc.com\/?s={search_term_string}"},"query-input":{"@type":"PropertyValueSpecification","valueRequired":true,"valueName":"search_term_string"}}],"inLanguage":"en-US"},{"@type":"Organization","@id":"https:\/\/ortafyc.com\/#organization","name":"ortafyc","url":"https:\/\/ortafyc.com\/","logo":{"@type":"ImageObject","inLanguage":"en-US","@id":"https:\/\/ortafyc.com\/#\/schema\/logo\/image\/","url":"https:\/\/ortafyc.com\/wp-content\/uploads\/LOGO_ORTA.png","contentUrl":"https:\/\/ortafyc.com\/wp-content\/uploads\/LOGO_ORTA.png","width":974,"height":582,"caption":"ortafyc"},"image":{"@id":"https:\/\/ortafyc.com\/#\/schema\/logo\/image\/"},"sameAs":["https:\/\/www.facebook.com\/ortafyc","https:\/\/www.instagram.com\/ortafyc\/","https:\/\/www.linkedin.com\/in\/jos\u00e9-manuel-orta-mu\u00f1oz-69b718202\/"]}]}},"_links":{"self":[{"href":"https:\/\/ortafyc.com\/en\/wp-json\/wp\/v2\/pages\/6363","targetHints":{"allow":["GET"]}}],"collection":[{"href":"https:\/\/ortafyc.com\/en\/wp-json\/wp\/v2\/pages"}],"about":[{"href":"https:\/\/ortafyc.com\/en\/wp-json\/wp\/v2\/types\/page"}],"author":[{"embeddable":true,"href":"https:\/\/ortafyc.com\/en\/wp-json\/wp\/v2\/users\/7"}],"replies":[{"embeddable":true,"href":"https:\/\/ortafyc.com\/en\/wp-json\/wp\/v2\/comments?post=6363"}],"version-history":[{"count":76,"href":"https:\/\/ortafyc.com\/en\/wp-json\/wp\/v2\/pages\/6363\/revisions"}],"predecessor-version":[{"id":7770,"href":"https:\/\/ortafyc.com\/en\/wp-json\/wp\/v2\/pages\/6363\/revisions\/7770"}],"wp:attachment":[{"href":"https:\/\/ortafyc.com\/en\/wp-json\/wp\/v2\/media?parent=6363"}],"curies":[{"name":"wp","href":"https:\/\/api.w.org\/{rel}","templated":true}]}}