{"id":320,"date":"2020-04-29T21:34:07","date_gmt":"2020-04-29T19:34:07","guid":{"rendered":"https:\/\/ortafyc.com\/?page_id=320"},"modified":"2023-12-13T18:28:57","modified_gmt":"2023-12-13T17:28:57","slug":"politica-de-privacidad","status":"publish","type":"page","link":"https:\/\/ortafyc.com\/en\/politica-de-privacidad\/","title":{"rendered":"PRIVACY POLICY"},"content":{"rendered":"<div data-elementor-type=\"wp-page\" data-elementor-id=\"320\" class=\"elementor elementor-320\" data-elementor-post-type=\"page\">\n\t\t\t\t\t\t<section class=\"elementor-section elementor-top-section elementor-element elementor-element-3f24858 elementor-hidden-mobile elementor-hidden-tablet elementor-section-boxed elementor-section-height-default elementor-section-height-default\" data-id=\"3f24858\" data-element_type=\"section\" data-e-type=\"section\" data-settings=\"{&quot;background_background&quot;:&quot;classic&quot;}\">\n\t\t\t\t\t\t<div class=\"elementor-container elementor-column-gap-default\">\n\t\t\t\t\t<div class=\"elementor-column elementor-col-100 elementor-top-column elementor-element elementor-element-310ca9f\" data-id=\"310ca9f\" data-element_type=\"column\" data-e-type=\"column\">\n\t\t\t<div class=\"elementor-widget-wrap elementor-element-populated\">\n\t\t\t\t\t\t<div class=\"elementor-element elementor-element-a2e49e2 elementor-widget elementor-widget-heading\" data-id=\"a2e49e2\" data-element_type=\"widget\" data-e-type=\"widget\" data-widget_type=\"heading.default\">\n\t\t\t\t<div class=\"elementor-widget-container\">\n\t\t\t\t\t<h2 class=\"elementor-heading-title elementor-size-default\">PRIVACY POLICY<br> <br><br><\/h2>\t\t\t\t<\/div>\n\t\t\t\t<\/div>\n\t\t\t\t\t<\/div>\n\t\t<\/div>\n\t\t\t\t\t<\/div>\n\t\t<\/section>\n\t\t\t\t<section class=\"elementor-section elementor-top-section elementor-element elementor-element-52092a8 elementor-hidden-mobile elementor-hidden-desktop elementor-section-boxed elementor-section-height-default elementor-section-height-default\" data-id=\"52092a8\" data-element_type=\"section\" data-e-type=\"section\" data-settings=\"{&quot;background_background&quot;:&quot;classic&quot;}\">\n\t\t\t\t\t\t<div class=\"elementor-container elementor-column-gap-default\">\n\t\t\t\t\t<div class=\"elementor-column elementor-col-100 elementor-top-column elementor-element elementor-element-466a563\" data-id=\"466a563\" data-element_type=\"column\" data-e-type=\"column\">\n\t\t\t<div class=\"elementor-widget-wrap elementor-element-populated\">\n\t\t\t\t\t\t<div class=\"elementor-element elementor-element-acef8f2 elementor-widget elementor-widget-heading\" data-id=\"acef8f2\" data-element_type=\"widget\" data-e-type=\"widget\" data-widget_type=\"heading.default\">\n\t\t\t\t<div class=\"elementor-widget-container\">\n\t\t\t\t\t<h2 class=\"elementor-heading-title elementor-size-default\">PRIVACY POLICY<br> <br><br><\/h2>\t\t\t\t<\/div>\n\t\t\t\t<\/div>\n\t\t\t\t\t<\/div>\n\t\t<\/div>\n\t\t\t\t\t<\/div>\n\t\t<\/section>\n\t\t\t\t<section class=\"elementor-section elementor-top-section elementor-element elementor-element-5105ea9 elementor-hidden-desktop elementor-hidden-tablet elementor-section-boxed elementor-section-height-default elementor-section-height-default\" data-id=\"5105ea9\" data-element_type=\"section\" data-e-type=\"section\" data-settings=\"{&quot;background_background&quot;:&quot;classic&quot;}\">\n\t\t\t\t\t\t<div class=\"elementor-container elementor-column-gap-default\">\n\t\t\t\t\t<div class=\"elementor-column elementor-col-100 elementor-top-column elementor-element elementor-element-0f87706\" data-id=\"0f87706\" data-element_type=\"column\" data-e-type=\"column\">\n\t\t\t<div class=\"elementor-widget-wrap elementor-element-populated\">\n\t\t\t\t\t\t<div class=\"elementor-element elementor-element-73df819 elementor-widget elementor-widget-heading\" data-id=\"73df819\" data-element_type=\"widget\" data-e-type=\"widget\" data-widget_type=\"heading.default\">\n\t\t\t\t<div class=\"elementor-widget-container\">\n\t\t\t\t\t<h2 class=\"elementor-heading-title elementor-size-default\"><br>PRIVACY POLICY<br> <br><br><\/h2>\t\t\t\t<\/div>\n\t\t\t\t<\/div>\n\t\t\t\t\t<\/div>\n\t\t<\/div>\n\t\t\t\t\t<\/div>\n\t\t<\/section>\n\t\t\t\t<section class=\"elementor-section elementor-top-section elementor-element elementor-element-dc7c2d7 elementor-section-boxed elementor-section-height-default elementor-section-height-default\" data-id=\"dc7c2d7\" data-element_type=\"section\" data-e-type=\"section\">\n\t\t\t\t\t\t<div class=\"elementor-container elementor-column-gap-default\">\n\t\t\t\t\t<div class=\"elementor-column elementor-col-100 elementor-top-column elementor-element elementor-element-989b0e9\" data-id=\"989b0e9\" data-element_type=\"column\" data-e-type=\"column\">\n\t\t\t<div class=\"elementor-widget-wrap elementor-element-populated\">\n\t\t\t\t\t\t<div class=\"elementor-element elementor-element-5d11a83 elementor-widget elementor-widget-text-editor\" data-id=\"5d11a83\" data-element_type=\"widget\" data-e-type=\"widget\" data-widget_type=\"text-editor.default\">\n\t\t\t\t<div class=\"elementor-widget-container\">\n\t\t\t\t\t\t\t\t\t<div class=\"page\" title=\"Page 8\"><div class=\"layoutArea\"><div class=\"column\"><p><strong>PRIVACY POLICY<\/strong><\/p><p><strong>1. INFORMATION FOR THE USER<\/strong><\/p><\/div><\/div><div class=\"layoutArea\"><div class=\"column\"><p><strong>Who is responsible for processing your personal data?<\/strong><\/p><\/div><\/div><div class=\"layoutArea\"><div class=\"column\"><p class=\"translation-block\">ORTA FISCALIDAD Y CONTABILIDAD, S.L. is the DATA CONTROLLER for the personal data of the USER and informs you that such data will be processed in accordance with Regulation (EU) 2016\/679 of 27 April (GDPR) and Spanish Organic Law 3\/2018 of 5 December (LOPDGDD).<\/p><p><strong><span style=\"color: #333333;\">Why do we process your personal data?<\/span><\/strong><\/p><p>To maintain a commercial relationship with the user.\u2028The processing operations planned are:<\/p><p>Sending commercial communications by email, fax, SMS, MMS, social networks or any other electronic or physical means, present or future, that make these communications possible. These communications will always be sent by the CONTROLLER and will relate to its own products and services or to those of its partners or providers with whom promotional agreements exist. In any case, third parties will never have access to personal data.<\/p><p class=\"translation-block\">Conducting market research and statistical analysis.\nManaging requests, enquiries or any type of petition made by the USER through any of the contact methods available on the CONTROLLER\u2019s website.\nSending our online newsletter with updates, promotions and news related to our activity.<\/p><p><strong>On what grounds can we process your personal data?<\/strong><\/p><p>The legal basis for processing is established in Article 6 of the GDPR:<\/p><p class=\"translation-block\">With the USER\u2019s consent: sending commercial communications and newsletters.\nBy legitimate interest of the CONTROLLER: carrying out market research, statistical analyses, and managing requests made by the USER.<\/p><p><strong>How long will we keep your personal data?<\/strong><\/p><p>Data will be retained no longer than necessary for the purposes for which they were collected, or for the period required by any applicable legal obligations.\u2028When they are no longer necessary, they will be securely deleted or anonymised.<\/p><p><strong>Who do we share your personal data with?<\/strong><\/p><p>No data transfers to third parties are planned, except when necessary to fulfil the purposes of the processing. In such cases, data may be shared with service providers involved in communications or administrative services, with whom the CONTROLLER has signed the confidentiality and data-processing agreements required by current privacy regulations.<\/p><div class=\"page\" title=\"Page 9\"><div class=\"layoutArea\"><div class=\"column\"><p><strong>What are your rights?<\/strong><\/p><p>The USER may exercise the following rights:<\/p><p class=\"translation-block\">The right to withdraw consent at any time.\nThe rights of access, rectification, portability and erasure of data, and the right to restriction or objection to processing.\nThe right to lodge a complaint with the supervisory authority (www.aepd.es) if you believe that the processing does not comply with current legislation.<\/p><p><strong>Contact details to exercise your rights:<\/strong><\/p><p>ORTA FISCALIDAD Y CONTABILIDAD, S.L.\u2028Edificio Metroquinto, Avenida de Montequinto s\/n\u202841089 Dos Hermanas (Sevilla), Spain. \u2028Email: info@ortafyc.com<\/p><\/div><\/div><\/div><\/div><\/div><\/div><p><strong>2. MANDATORY OR OPTIONAL NATURE OF THE INFORMATION PROVIDED BY THE USER<\/strong><\/p><div class=\"page\" title=\"Page 8\"><div class=\"layoutArea\"><div class=\"column\"><div class=\"page\" title=\"Page 9\"><div class=\"layoutArea\"><div class=\"column\"><p>By ticking the corresponding boxes and completing the fields marked with an asterisk (*) in contact forms or download forms, USERS expressly and freely accept that the data requested are necessary for the provider to handle their request. The inclusion of data in the remaining fields is voluntary.\u2028The USER guarantees that the personal data provided to the CONTROLLER are truthful and undertakes to notify any modification thereof.<\/p><p>The CONTROLLER informs that all data requested via the website are mandatory, as they are necessary to provide an optimal service. If all required data are not provided, the quality and accuracy of the information or services offered cannot be guaranteed.<\/p><p><strong>3. SECURITY MEASURES<\/strong><\/p><p>In accordance with current regulations on the protection of personal data, the CONTROLLER is complying with all provisions of the GDPR and the LOPDGDD for the processing of personal data under its responsibility.\nIn particular, the CONTROLLER adheres to the principles described in Article 5 of the GDPR, ensuring that data are processed lawfully, fairly and transparently, and are adequate, relevant and limited to what is necessary for the purposes for which they are processed.<\/p><p>The CONTROLLER guarantees that it has implemented appropriate technical and organisational measures to apply the security standards required by the GDPR and the LOPDGDD, in order to protect the rights and freedoms of USERS and to ensure that they may exercise them.<\/p><p>ORTA FISCALIDAD Y CONTABILIDAD, S.L.\u2028Edificio Metroquinto, Avenida de Montequinto s\/n\u202841089 Dos Hermanas (Sevilla), Spain. \u2028Email: info@ortafyc.com<\/p><\/div><\/div><\/div><\/div><\/div><\/div>\t\t\t\t\t\t\t\t<\/div>\n\t\t\t\t<\/div>\n\t\t\t\t\t<\/div>\n\t\t<\/div>\n\t\t\t\t\t<\/div>\n\t\t<\/section>\n\t\t\t\t<\/div>","protected":false},"excerpt":{"rendered":"<p>Pol\u00edtica de privacidad Pol\u00edtica de privacidad Pol\u00edtica de privacidad POLI\u0301TICA DE PRIVACIDAD 1. INFORMACIO\u0301N AL USUARIO \u00bfQuie\u0301n es el responsable del tratamiento de tus datos personales? ORTA FISCALIDAD Y CONTABILIDAD, S.L. es el RESPONSABLE del tratamiento de los datos personales del USUARIO y le informa de que estos datos sera\u0301n tratados de conformidad con lo [&hellip;]<\/p>\n","protected":false},"author":7,"featured_media":0,"parent":0,"menu_order":0,"comment_status":"closed","ping_status":"closed","template":"elementor_header_footer","meta":{"_monsterinsights_skip_tracking":false,"_monsterinsights_sitenote_active":false,"_monsterinsights_sitenote_note":"","_monsterinsights_sitenote_category":0,"ocean_post_layout":"full-width","ocean_both_sidebars_style":"","ocean_both_sidebars_content_width":0,"ocean_both_sidebars_sidebars_width":0,"ocean_sidebar":"0","ocean_second_sidebar":"0","ocean_disable_margins":"on","ocean_add_body_class":"","ocean_shortcode_before_top_bar":"","ocean_shortcode_after_top_bar":"","ocean_shortcode_before_header":"","ocean_shortcode_after_header":"","ocean_has_shortcode":"","ocean_shortcode_after_title":"","ocean_shortcode_before_footer_widgets":"","ocean_shortcode_after_footer_widgets":"","ocean_shortcode_before_footer_bottom":"","ocean_shortcode_after_footer_bottom":"","ocean_display_top_bar":"default","ocean_display_header":"default","ocean_header_style":"","ocean_center_header_left_menu":"0","ocean_custom_header_template":"0","ocean_custom_logo":0,"ocean_custom_retina_logo":0,"ocean_custom_logo_max_width":0,"ocean_custom_logo_tablet_max_width":0,"ocean_custom_logo_mobile_max_width":0,"ocean_custom_logo_max_height":0,"ocean_custom_logo_tablet_max_height":0,"ocean_custom_logo_mobile_max_height":0,"ocean_header_custom_menu":"0","ocean_menu_typo_font_family":"0","ocean_menu_typo_font_subset":"","ocean_menu_typo_font_size":0,"ocean_menu_typo_font_size_tablet":0,"ocean_menu_typo_font_size_mobile":0,"ocean_menu_typo_font_size_unit":"px","ocean_menu_typo_font_weight":"","ocean_menu_typo_font_weight_tablet":"","ocean_menu_typo_font_weight_mobile":"","ocean_menu_typo_transform":"","ocean_menu_typo_transform_tablet":"","ocean_menu_typo_transform_mobile":"","ocean_menu_typo_line_height":0,"ocean_menu_typo_line_height_tablet":0,"ocean_menu_typo_line_height_mobile":0,"ocean_menu_typo_line_height_unit":"","ocean_menu_typo_spacing":0,"ocean_menu_typo_spacing_tablet":0,"ocean_menu_typo_spacing_mobile":0,"ocean_menu_typo_spacing_unit":"","ocean_menu_link_color":"","ocean_menu_link_color_hover":"","ocean_menu_link_color_active":"","ocean_menu_link_background":"","ocean_menu_link_hover_background":"","ocean_menu_link_active_background":"","ocean_menu_social_links_bg":"","ocean_menu_social_hover_links_bg":"","ocean_menu_social_links_color":"","ocean_menu_social_hover_links_color":"","ocean_disable_title":"on","ocean_disable_heading":"default","ocean_post_title":"","ocean_post_subheading":"","ocean_post_title_style":"","ocean_post_title_background_color":"","ocean_post_title_background":0,"ocean_post_title_bg_image_position":"","ocean_post_title_bg_image_attachment":"","ocean_post_title_bg_image_repeat":"","ocean_post_title_bg_image_size":"","ocean_post_title_height":0,"ocean_post_title_bg_overlay":0.5,"ocean_post_title_bg_overlay_color":"","ocean_disable_breadcrumbs":"off","ocean_breadcrumbs_color":"","ocean_breadcrumbs_separator_color":"","ocean_breadcrumbs_links_color":"","ocean_breadcrumbs_links_hover_color":"","ocean_display_footer_widgets":"default","ocean_display_footer_bottom":"default","ocean_custom_footer_template":"0","footnotes":""},"class_list":["post-320","page","type-page","status-publish","hentry","entry","owp-thumbs-layout-horizontal","owp-btn-normal","owp-tabs-layout-horizontal","has-no-thumbnails","has-product-nav"],"yoast_head":"<!-- This site is optimized with the Yoast SEO plugin v27.4 - https:\/\/yoast.com\/product\/yoast-seo-wordpress\/ -->\n<title>Pol\u00edtica de privacidad - Orta Fiscalidad y Contabilidad<\/title>\n<meta name=\"robots\" content=\"noindex, nofollow\" \/>\n<meta property=\"og:locale\" content=\"en_US\" \/>\n<meta property=\"og:type\" content=\"article\" \/>\n<meta property=\"og:title\" content=\"Pol\u00edtica de privacidad - Orta Fiscalidad y Contabilidad\" \/>\n<meta property=\"og:description\" content=\"Pol\u00edtica de privacidad Pol\u00edtica de privacidad Pol\u00edtica de privacidad POLI\u0301TICA DE PRIVACIDAD 1. INFORMACIO\u0301N AL USUARIO \u00bfQuie\u0301n es el responsable del tratamiento de tus datos personales? ORTA FISCALIDAD Y CONTABILIDAD, S.L. es el RESPONSABLE del tratamiento de los datos personales del USUARIO y le informa de que estos datos sera\u0301n tratados de conformidad con lo [&hellip;]\" \/>\n<meta property=\"og:url\" content=\"https:\/\/ortafyc.com\/en\/politica-de-privacidad\/\" \/>\n<meta property=\"og:site_name\" content=\"Orta Fiscalidad y Contabilidad\" \/>\n<meta property=\"article:publisher\" content=\"https:\/\/www.facebook.com\/ortafyc\" \/>\n<meta property=\"article:modified_time\" content=\"2023-12-13T17:28:57+00:00\" \/>\n<meta name=\"twitter:card\" content=\"summary_large_image\" \/>\n<meta name=\"twitter:label1\" content=\"Est. reading time\" \/>\n\t<meta name=\"twitter:data1\" content=\"4 minutes\" \/>\n<script type=\"application\/ld+json\" class=\"yoast-schema-graph\">{\"@context\":\"https:\\\/\\\/schema.org\",\"@graph\":[{\"@type\":\"WebPage\",\"@id\":\"https:\\\/\\\/ortafyc.com\\\/politica-de-privacidad\\\/\",\"url\":\"https:\\\/\\\/ortafyc.com\\\/politica-de-privacidad\\\/\",\"name\":\"Pol\u00edtica de privacidad - Orta Fiscalidad y Contabilidad\",\"isPartOf\":{\"@id\":\"https:\\\/\\\/ortafyc.com\\\/#website\"},\"datePublished\":\"2020-04-29T19:34:07+00:00\",\"dateModified\":\"2023-12-13T17:28:57+00:00\",\"breadcrumb\":{\"@id\":\"https:\\\/\\\/ortafyc.com\\\/politica-de-privacidad\\\/#breadcrumb\"},\"inLanguage\":\"en-US\",\"potentialAction\":[{\"@type\":\"ReadAction\",\"target\":[\"https:\\\/\\\/ortafyc.com\\\/politica-de-privacidad\\\/\"]}]},{\"@type\":\"BreadcrumbList\",\"@id\":\"https:\\\/\\\/ortafyc.com\\\/politica-de-privacidad\\\/#breadcrumb\",\"itemListElement\":[{\"@type\":\"ListItem\",\"position\":1,\"name\":\"Portada\",\"item\":\"https:\\\/\\\/ortafyc.com\\\/\"},{\"@type\":\"ListItem\",\"position\":2,\"name\":\"Pol\u00edtica de privacidad\"}]},{\"@type\":\"WebSite\",\"@id\":\"https:\\\/\\\/ortafyc.com\\\/#website\",\"url\":\"https:\\\/\\\/ortafyc.com\\\/\",\"name\":\"Orta Fiscalidad y Contabilidad\",\"description\":\"\",\"publisher\":{\"@id\":\"https:\\\/\\\/ortafyc.com\\\/#organization\"},\"potentialAction\":[{\"@type\":\"SearchAction\",\"target\":{\"@type\":\"EntryPoint\",\"urlTemplate\":\"https:\\\/\\\/ortafyc.com\\\/?s={search_term_string}\"},\"query-input\":{\"@type\":\"PropertyValueSpecification\",\"valueRequired\":true,\"valueName\":\"search_term_string\"}}],\"inLanguage\":\"en-US\"},{\"@type\":\"Organization\",\"@id\":\"https:\\\/\\\/ortafyc.com\\\/#organization\",\"name\":\"ortafyc\",\"url\":\"https:\\\/\\\/ortafyc.com\\\/\",\"logo\":{\"@type\":\"ImageObject\",\"inLanguage\":\"en-US\",\"@id\":\"https:\\\/\\\/ortafyc.com\\\/#\\\/schema\\\/logo\\\/image\\\/\",\"url\":\"https:\\\/\\\/ortafyc.com\\\/wp-content\\\/uploads\\\/LOGO_ORTA.png\",\"contentUrl\":\"https:\\\/\\\/ortafyc.com\\\/wp-content\\\/uploads\\\/LOGO_ORTA.png\",\"width\":974,\"height\":582,\"caption\":\"ortafyc\"},\"image\":{\"@id\":\"https:\\\/\\\/ortafyc.com\\\/#\\\/schema\\\/logo\\\/image\\\/\"},\"sameAs\":[\"https:\\\/\\\/www.facebook.com\\\/ortafyc\",\"https:\\\/\\\/www.instagram.com\\\/ortafyc\\\/\",\"https:\\\/\\\/www.linkedin.com\\\/in\\\/jos\u00e9-manuel-orta-mu\u00f1oz-69b718202\\\/\"]}]}<\/script>\n<!-- \/ Yoast SEO plugin. -->","yoast_head_json":{"title":"Pol\u00edtica de privacidad - Orta Fiscalidad y Contabilidad","robots":{"index":"noindex","follow":"nofollow"},"og_locale":"en_US","og_type":"article","og_title":"Pol\u00edtica de privacidad - Orta Fiscalidad y Contabilidad","og_description":"Pol\u00edtica de privacidad Pol\u00edtica de privacidad Pol\u00edtica de privacidad POLI\u0301TICA DE PRIVACIDAD 1. INFORMACIO\u0301N AL USUARIO \u00bfQuie\u0301n es el responsable del tratamiento de tus datos personales? ORTA FISCALIDAD Y CONTABILIDAD, S.L. es el RESPONSABLE del tratamiento de los datos personales del USUARIO y le informa de que estos datos sera\u0301n tratados de conformidad con lo [&hellip;]","og_url":"https:\/\/ortafyc.com\/en\/politica-de-privacidad\/","og_site_name":"Orta Fiscalidad y Contabilidad","article_publisher":"https:\/\/www.facebook.com\/ortafyc","article_modified_time":"2023-12-13T17:28:57+00:00","twitter_card":"summary_large_image","twitter_misc":{"Est. reading time":"4 minutes"},"schema":{"@context":"https:\/\/schema.org","@graph":[{"@type":"WebPage","@id":"https:\/\/ortafyc.com\/politica-de-privacidad\/","url":"https:\/\/ortafyc.com\/politica-de-privacidad\/","name":"Pol\u00edtica de privacidad - Orta Fiscalidad y Contabilidad","isPartOf":{"@id":"https:\/\/ortafyc.com\/#website"},"datePublished":"2020-04-29T19:34:07+00:00","dateModified":"2023-12-13T17:28:57+00:00","breadcrumb":{"@id":"https:\/\/ortafyc.com\/politica-de-privacidad\/#breadcrumb"},"inLanguage":"en-US","potentialAction":[{"@type":"ReadAction","target":["https:\/\/ortafyc.com\/politica-de-privacidad\/"]}]},{"@type":"BreadcrumbList","@id":"https:\/\/ortafyc.com\/politica-de-privacidad\/#breadcrumb","itemListElement":[{"@type":"ListItem","position":1,"name":"Portada","item":"https:\/\/ortafyc.com\/"},{"@type":"ListItem","position":2,"name":"Pol\u00edtica de privacidad"}]},{"@type":"WebSite","@id":"https:\/\/ortafyc.com\/#website","url":"https:\/\/ortafyc.com\/","name":"Orta Fiscalidad y Contabilidad","description":"","publisher":{"@id":"https:\/\/ortafyc.com\/#organization"},"potentialAction":[{"@type":"SearchAction","target":{"@type":"EntryPoint","urlTemplate":"https:\/\/ortafyc.com\/?s={search_term_string}"},"query-input":{"@type":"PropertyValueSpecification","valueRequired":true,"valueName":"search_term_string"}}],"inLanguage":"en-US"},{"@type":"Organization","@id":"https:\/\/ortafyc.com\/#organization","name":"ortafyc","url":"https:\/\/ortafyc.com\/","logo":{"@type":"ImageObject","inLanguage":"en-US","@id":"https:\/\/ortafyc.com\/#\/schema\/logo\/image\/","url":"https:\/\/ortafyc.com\/wp-content\/uploads\/LOGO_ORTA.png","contentUrl":"https:\/\/ortafyc.com\/wp-content\/uploads\/LOGO_ORTA.png","width":974,"height":582,"caption":"ortafyc"},"image":{"@id":"https:\/\/ortafyc.com\/#\/schema\/logo\/image\/"},"sameAs":["https:\/\/www.facebook.com\/ortafyc","https:\/\/www.instagram.com\/ortafyc\/","https:\/\/www.linkedin.com\/in\/jos\u00e9-manuel-orta-mu\u00f1oz-69b718202\/"]}]}},"_links":{"self":[{"href":"https:\/\/ortafyc.com\/en\/wp-json\/wp\/v2\/pages\/320","targetHints":{"allow":["GET"]}}],"collection":[{"href":"https:\/\/ortafyc.com\/en\/wp-json\/wp\/v2\/pages"}],"about":[{"href":"https:\/\/ortafyc.com\/en\/wp-json\/wp\/v2\/types\/page"}],"author":[{"embeddable":true,"href":"https:\/\/ortafyc.com\/en\/wp-json\/wp\/v2\/users\/7"}],"replies":[{"embeddable":true,"href":"https:\/\/ortafyc.com\/en\/wp-json\/wp\/v2\/comments?post=320"}],"version-history":[{"count":84,"href":"https:\/\/ortafyc.com\/en\/wp-json\/wp\/v2\/pages\/320\/revisions"}],"predecessor-version":[{"id":7755,"href":"https:\/\/ortafyc.com\/en\/wp-json\/wp\/v2\/pages\/320\/revisions\/7755"}],"wp:attachment":[{"href":"https:\/\/ortafyc.com\/en\/wp-json\/wp\/v2\/media?parent=320"}],"curies":[{"name":"wp","href":"https:\/\/api.w.org\/{rel}","templated":true}]}}